{"id":1062,"date":"2021-05-12T23:19:20","date_gmt":"2021-05-12T21:19:20","guid":{"rendered":"https:\/\/clodtodo.fr\/?page_id=1062"},"modified":"2021-05-13T00:21:56","modified_gmt":"2021-05-12T22:21:56","slug":"la-page-italie","status":"publish","type":"page","link":"https:\/\/clodtodo.fr\/?page_id=1062","title":{"rendered":"la page italie"},"content":{"rendered":"\t\t<div data-elementor-type=\"wp-page\" data-elementor-id=\"1062\" class=\"elementor elementor-1062\">\n\t\t\t\t\t\t\t\t\t<section class=\"elementor-section elementor-top-section elementor-element elementor-element-2a8f253 elementor-section-boxed elementor-section-height-default elementor-section-height-default\" data-id=\"2a8f253\" data-element_type=\"section\">\n\t\t\t\t\t\t<div class=\"elementor-container elementor-column-gap-default\">\n\t\t\t\t\t<div class=\"elementor-column elementor-col-100 elementor-top-column elementor-element elementor-element-08e805d\" data-id=\"08e805d\" data-element_type=\"column\">\n\t\t\t<div class=\"elementor-widget-wrap elementor-element-populated\">\n\t\t\t\t\t\t\t\t<div class=\"elementor-element elementor-element-3c40d8e elementor-widget elementor-widget-heading\" data-id=\"3c40d8e\" data-element_type=\"widget\" data-widget_type=\"heading.default\">\n\t\t\t\t<div class=\"elementor-widget-container\">\n\t\t\t<h1 class=\"elementor-heading-title elementor-size-default\">Ballade en Italie<\/h1>\t\t<\/div>\n\t\t\t\t<\/div>\n\t\t\t\t\t<\/div>\n\t\t<\/div>\n\t\t\t\t\t\t\t<\/div>\n\t\t<\/section>\n\t\t\t\t<section class=\"elementor-section elementor-top-section elementor-element elementor-element-c6148d9 elementor-section-boxed elementor-section-height-default elementor-section-height-default\" data-id=\"c6148d9\" data-element_type=\"section\">\n\t\t\t\t\t\t<div class=\"elementor-container elementor-column-gap-default\">\n\t\t\t\t\t<div class=\"elementor-column elementor-col-25 elementor-top-column elementor-element elementor-element-56570bd\" data-id=\"56570bd\" data-element_type=\"column\">\n\t\t\t<div class=\"elementor-widget-wrap elementor-element-populated\">\n\t\t\t\t\t\t\t\t<div class=\"elementor-element elementor-element-c9aaa48 elementor-widget elementor-widget-image\" data-id=\"c9aaa48\" data-element_type=\"widget\" data-widget_type=\"image.default\">\n\t\t\t\t<div class=\"elementor-widget-container\">\n\t\t\t\t\t\t\t\t\t\t\t\t<figure class=\"wp-caption\">\n\t\t\t\t\t\t\t\t\t\t\t<a href=\"https:\/\/clodtodo.fr\/?p=1039\">\n\t\t\t\t\t\t\t<img fetchpriority=\"high\" decoding=\"async\" width=\"525\" height=\"525\" src=\"https:\/\/clodtodo.fr\/wp-content\/uploads\/2021\/05\/florence-033-1024x1024.jpg\" class=\"attachment-large size-large wp-image-1040\" alt=\"\" srcset=\"https:\/\/clodtodo.fr\/wp-content\/uploads\/2021\/05\/florence-033-1024x1024.jpg 1024w, https:\/\/clodtodo.fr\/wp-content\/uploads\/2021\/05\/florence-033-100x100.jpg 100w, https:\/\/clodtodo.fr\/wp-content\/uploads\/2021\/05\/florence-033-300x300.jpg 300w, https:\/\/clodtodo.fr\/wp-content\/uploads\/2021\/05\/florence-033-768x768.jpg 768w, https:\/\/clodtodo.fr\/wp-content\/uploads\/2021\/05\/florence-033.jpg 1665w\" sizes=\"100vw\" \/>\t\t\t\t\t\t\t\t<\/a>\n\t\t\t\t\t\t\t\t\t\t\t<figcaption class=\"widget-image-caption wp-caption-text\">Pont sur l'Arno.<\/figcaption>\n\t\t\t\t\t\t\t\t\t\t<\/figure>\n\t\t\t\t\t\t\t\t\t<\/div>\n\t\t\t\t<\/div>\n\t\t\t\t\t<\/div>\n\t\t<\/div>\n\t\t\t\t<div class=\"elementor-column elementor-col-25 elementor-top-column elementor-element elementor-element-87f2db2\" data-id=\"87f2db2\" data-element_type=\"column\">\n\t\t\t<div class=\"elementor-widget-wrap elementor-element-populated\">\n\t\t\t\t\t\t\t\t<div class=\"elementor-element elementor-element-6451c5a elementor-widget elementor-widget-heading\" data-id=\"6451c5a\" data-element_type=\"widget\" data-widget_type=\"heading.default\">\n\t\t\t\t<div class=\"elementor-widget-container\">\n\t\t\t<h2 class=\"elementor-heading-title elementor-size-default\">Florence<\/h2>\t\t<\/div>\n\t\t\t\t<\/div>\n\t\t\t\t<div class=\"elementor-element elementor-element-1575292 elementor-widget elementor-widget-text-editor\" data-id=\"1575292\" data-element_type=\"widget\" data-widget_type=\"text-editor.default\">\n\t\t\t\t<div class=\"elementor-widget-container\">\n\t\t\t\t\t\t\t<p>Capitale de la Toscane, cette province d&rsquo;Italie qui sent bon la dolce vita. Mais aussi une richesse culturelle immense.<\/p><p>Bonne ballade<\/p>\t\t\t\t\t\t<\/div>\n\t\t\t\t<\/div>\n\t\t\t\t\t<\/div>\n\t\t<\/div>\n\t\t\t\t<div class=\"elementor-column elementor-col-25 elementor-top-column elementor-element elementor-element-559d7d9\" data-id=\"559d7d9\" data-element_type=\"column\">\n\t\t\t<div class=\"elementor-widget-wrap elementor-element-populated\">\n\t\t\t\t\t\t\t\t<div class=\"elementor-element elementor-element-886ac34 elementor-widget elementor-widget-image\" data-id=\"886ac34\" data-element_type=\"widget\" data-widget_type=\"image.default\">\n\t\t\t\t<div class=\"elementor-widget-container\">\n\t\t\t\t\t\t\t\t\t\t\t\t<figure class=\"wp-caption\">\n\t\t\t\t\t\t\t\t\t\t\t<a href=\"https:\/\/clodtodo.fr\/?p=1056\">\n\t\t\t\t\t\t\t<img decoding=\"async\" width=\"525\" height=\"525\" src=\"https:\/\/clodtodo.fr\/wp-content\/uploads\/2021\/05\/Venise-030-1024x1024.jpg\" class=\"attachment-large size-large wp-image-1044\" alt=\"\" srcset=\"https:\/\/clodtodo.fr\/wp-content\/uploads\/2021\/05\/Venise-030-1024x1024.jpg 1024w, https:\/\/clodtodo.fr\/wp-content\/uploads\/2021\/05\/Venise-030-100x100.jpg 100w, https:\/\/clodtodo.fr\/wp-content\/uploads\/2021\/05\/Venise-030-300x300.jpg 300w, https:\/\/clodtodo.fr\/wp-content\/uploads\/2021\/05\/Venise-030-768x768.jpg 768w, https:\/\/clodtodo.fr\/wp-content\/uploads\/2021\/05\/Venise-030.jpg 1674w\" sizes=\"100vw\" \/>\t\t\t\t\t\t\t\t<\/a>\n\t\t\t\t\t\t\t\t\t\t\t<figcaption class=\"widget-image-caption wp-caption-text\">Place Saint-Marc, le campanile.<\/figcaption>\n\t\t\t\t\t\t\t\t\t\t<\/figure>\n\t\t\t\t\t\t\t\t\t<\/div>\n\t\t\t\t<\/div>\n\t\t\t\t\t<\/div>\n\t\t<\/div>\n\t\t\t\t<div class=\"elementor-column elementor-col-25 elementor-top-column elementor-element elementor-element-232d4ca\" data-id=\"232d4ca\" data-element_type=\"column\">\n\t\t\t<div class=\"elementor-widget-wrap elementor-element-populated\">\n\t\t\t\t\t\t\t\t<div class=\"elementor-element elementor-element-56d8210 elementor-widget elementor-widget-heading\" data-id=\"56d8210\" data-element_type=\"widget\" data-widget_type=\"heading.default\">\n\t\t\t\t<div class=\"elementor-widget-container\">\n\t\t\t<h2 class=\"elementor-heading-title elementor-size-default\">Venise<\/h2>\t\t<\/div>\n\t\t\t\t<\/div>\n\t\t\t\t<div class=\"elementor-element elementor-element-7f5ee48 elementor-widget elementor-widget-text-editor\" data-id=\"7f5ee48\" data-element_type=\"widget\" data-widget_type=\"text-editor.default\">\n\t\t\t\t<div class=\"elementor-widget-container\">\n\t\t\t\t\t\t\t<p>La ville des amoureux mais aussi un art de vivre \u00e0 la v\u00e9nitienne entour\u00e9 des gondoles.<\/p>\t\t\t\t\t\t<\/div>\n\t\t\t\t<\/div>\n\t\t\t\t\t<\/div>\n\t\t<\/div>\n\t\t\t\t\t\t\t<\/div>\n\t\t<\/section>\n\t\t\t\t<section class=\"elementor-section elementor-top-section elementor-element elementor-element-1ef4b0c elementor-section-boxed elementor-section-height-default elementor-section-height-default\" data-id=\"1ef4b0c\" data-element_type=\"section\">\n\t\t\t\t\t\t<div class=\"elementor-container elementor-column-gap-default\">\n\t\t\t\t\t<div class=\"elementor-column elementor-col-25 elementor-top-column elementor-element elementor-element-a8d203d\" data-id=\"a8d203d\" data-element_type=\"column\">\n\t\t\t<div class=\"elementor-widget-wrap elementor-element-populated\">\n\t\t\t\t\t\t\t\t<div class=\"elementor-element elementor-element-9a974ec elementor-widget elementor-widget-image\" data-id=\"9a974ec\" data-element_type=\"widget\" data-widget_type=\"image.default\">\n\t\t\t\t<div class=\"elementor-widget-container\">\n\t\t\t\t\t\t\t\t\t\t\t\t<figure class=\"wp-caption\">\n\t\t\t\t\t\t\t\t\t\t\t<a href=\"https:\/\/clodtodo.fr\/?p=1058\">\n\t\t\t\t\t\t\t<img decoding=\"async\" src=\"https:\/\/clodtodo.fr\/wp-content\/uploads\/elementor\/thumbs\/G\u00eanes-67-p72fq6ys0pjlp8jvnduenc177mip4gk0rzg6edphm4.jpg\" title=\"G\u00caNES\" alt=\"Ascenseur dans le port.\" loading=\"lazy\" \/>\t\t\t\t\t\t\t\t<\/a>\n\t\t\t\t\t\t\t\t\t\t\t<figcaption class=\"widget-image-caption wp-caption-text\">Ascenseur dans le port.<\/figcaption>\n\t\t\t\t\t\t\t\t\t\t<\/figure>\n\t\t\t\t\t\t\t\t\t<\/div>\n\t\t\t\t<\/div>\n\t\t\t\t\t<\/div>\n\t\t<\/div>\n\t\t\t\t<div class=\"elementor-column elementor-col-25 elementor-top-column elementor-element elementor-element-9083366\" data-id=\"9083366\" data-element_type=\"column\">\n\t\t\t<div class=\"elementor-widget-wrap elementor-element-populated\">\n\t\t\t\t\t\t\t\t<div class=\"elementor-element elementor-element-2226f4b elementor-widget elementor-widget-heading\" data-id=\"2226f4b\" data-element_type=\"widget\" data-widget_type=\"heading.default\">\n\t\t\t\t<div class=\"elementor-widget-container\">\n\t\t\t<h2 class=\"elementor-heading-title elementor-size-default\">G\u00eanes<\/h2>\t\t<\/div>\n\t\t\t\t<\/div>\n\t\t\t\t<div class=\"elementor-element elementor-element-5ca64b4 elementor-widget elementor-widget-text-editor\" data-id=\"5ca64b4\" data-element_type=\"widget\" data-widget_type=\"text-editor.default\">\n\t\t\t\t<div class=\"elementor-widget-container\">\n\t\t\t\t\t\t\t<p>Le port\u00a0 enti\u00e8rement relook\u00e9 pour les touristes, mais o\u00f9 il fait bon fl\u00e2ner tout de m\u00eame.<\/p>\t\t\t\t\t\t<\/div>\n\t\t\t\t<\/div>\n\t\t\t\t\t<\/div>\n\t\t<\/div>\n\t\t\t\t<div class=\"elementor-column elementor-col-25 elementor-top-column elementor-element elementor-element-dddf4bd\" data-id=\"dddf4bd\" data-element_type=\"column\">\n\t\t\t<div class=\"elementor-widget-wrap elementor-element-populated\">\n\t\t\t\t\t\t\t\t<div class=\"elementor-element elementor-element-6f26f1d elementor-widget elementor-widget-image\" data-id=\"6f26f1d\" data-element_type=\"widget\" data-widget_type=\"image.default\">\n\t\t\t\t<div class=\"elementor-widget-container\">\n\t\t\t\t\t\t\t\t\t\t\t\t<figure class=\"wp-caption\">\n\t\t\t\t\t\t\t\t\t\t\t<a href=\"https:\/\/clodtodo.fr\/?p=1060\">\n\t\t\t\t\t\t\t<img decoding=\"async\" width=\"300\" height=\"200\" src=\"https:\/\/clodtodo.fr\/wp-content\/uploads\/2021\/05\/ITA-68-Rome-0023-300x200.jpg\" class=\"attachment-medium size-medium wp-image-1042\" alt=\"\" srcset=\"https:\/\/clodtodo.fr\/wp-content\/uploads\/2021\/05\/ITA-68-Rome-0023-300x200.jpg 300w, https:\/\/clodtodo.fr\/wp-content\/uploads\/2021\/05\/ITA-68-Rome-0023-768x512.jpg 768w, https:\/\/clodtodo.fr\/wp-content\/uploads\/2021\/05\/ITA-68-Rome-0023-1024x683.jpg 1024w, https:\/\/clodtodo.fr\/wp-content\/uploads\/2021\/05\/ITA-68-Rome-0023.jpg 1783w\" sizes=\"100vw\" \/>\t\t\t\t\t\t\t\t<\/a>\n\t\t\t\t\t\t\t\t\t\t\t<figcaption class=\"widget-image-caption wp-caption-text\">Place Saint-Pierre.<\/figcaption>\n\t\t\t\t\t\t\t\t\t\t<\/figure>\n\t\t\t\t\t\t\t\t\t<\/div>\n\t\t\t\t<\/div>\n\t\t\t\t\t<\/div>\n\t\t<\/div>\n\t\t\t\t<div class=\"elementor-column elementor-col-25 elementor-top-column elementor-element elementor-element-145a176\" data-id=\"145a176\" data-element_type=\"column\">\n\t\t\t<div class=\"elementor-widget-wrap elementor-element-populated\">\n\t\t\t\t\t\t\t\t<div class=\"elementor-element elementor-element-a25748b elementor-widget elementor-widget-heading\" data-id=\"a25748b\" data-element_type=\"widget\" data-widget_type=\"heading.default\">\n\t\t\t\t<div class=\"elementor-widget-container\">\n\t\t\t<h2 class=\"elementor-heading-title elementor-size-default\">Autres villes<\/h2>\t\t<\/div>\n\t\t\t\t<\/div>\n\t\t\t\t<div class=\"elementor-element elementor-element-8ec2b52 elementor-widget elementor-widget-text-editor\" data-id=\"8ec2b52\" data-element_type=\"widget\" data-widget_type=\"text-editor.default\">\n\t\t\t\t<div class=\"elementor-widget-container\">\n\t\t\t\t\t\t\t<p><strong>Rome<\/strong> place St-Pierre et le Colis\u00e9.<br \/><strong>Milan<\/strong> et sa cath\u00e9drale.<br \/><strong>Bologne<\/strong> tout en couleur<br \/><strong>Piacenza<\/strong> et Val Nueve<\/p><p>\u00a0<\/p>\t\t\t\t\t\t<\/div>\n\t\t\t\t<\/div>\n\t\t\t\t\t<\/div>\n\t\t<\/div>\n\t\t\t\t\t\t\t<\/div>\n\t\t<\/section>\n\t\t\t\t\t\t\t<\/div>\n\t\t","protected":false},"excerpt":{"rendered":"<p>Ballade en Italie Pont sur l&rsquo;Arno. Florence Capitale de la Toscane, cette province d&rsquo;Italie qui sent bon la dolce vita. Mais aussi une richesse culturelle immense. Bonne ballade Place Saint-Marc, le campanile. Venise La ville des amoureux mais aussi un art de vivre \u00e0 la v\u00e9nitienne entour\u00e9 des gondoles. Ascenseur dans le port. G\u00eanes Le &hellip; <\/p>\n<p class=\"link-more\"><a href=\"https:\/\/clodtodo.fr\/?page_id=1062\" class=\"more-link\">Continuer la lecture<span class=\"screen-reader-text\"> de &laquo;&nbsp;la page italie&nbsp;&raquo;<\/span><\/a><\/p>\n","protected":false},"author":1,"featured_media":0,"parent":0,"menu_order":0,"comment_status":"closed","ping_status":"closed","template":"elementor_canvas","meta":{"footnotes":""},"_links":{"self":[{"href":"https:\/\/clodtodo.fr\/index.php?rest_route=\/wp\/v2\/pages\/1062"}],"collection":[{"href":"https:\/\/clodtodo.fr\/index.php?rest_route=\/wp\/v2\/pages"}],"about":[{"href":"https:\/\/clodtodo.fr\/index.php?rest_route=\/wp\/v2\/types\/page"}],"author":[{"embeddable":true,"href":"https:\/\/clodtodo.fr\/index.php?rest_route=\/wp\/v2\/users\/1"}],"replies":[{"embeddable":true,"href":"https:\/\/clodtodo.fr\/index.php?rest_route=%2Fwp%2Fv2%2Fcomments&post=1062"}],"version-history":[{"count":11,"href":"https:\/\/clodtodo.fr\/index.php?rest_route=\/wp\/v2\/pages\/1062\/revisions"}],"predecessor-version":[{"id":1075,"href":"https:\/\/clodtodo.fr\/index.php?rest_route=\/wp\/v2\/pages\/1062\/revisions\/1075"}],"wp:attachment":[{"href":"https:\/\/clodtodo.fr\/index.php?rest_route=%2Fwp%2Fv2%2Fmedia&parent=1062"}],"curies":[{"name":"wp","href":"https:\/\/api.w.org\/{rel}","templated":true}]}}