{"id":198,"date":"2018-04-16T12:33:36","date_gmt":"2018-04-16T10:33:36","guid":{"rendered":"http:\/\/clodtodo.fr\/?page_id=198"},"modified":"2024-05-23T12:41:35","modified_gmt":"2024-05-23T10:41:35","slug":"bonjour-bienvenus-dans-mon-monde","status":"publish","type":"page","link":"https:\/\/clodtodo.fr\/?page_id=198","title":{"rendered":"Bonjour et bienvenu dans mon photomonde"},"content":{"rendered":"\t\t<div data-elementor-type=\"wp-page\" data-elementor-id=\"198\" class=\"elementor elementor-198\">\n\t\t\t\t\t\t\t\t\t<section class=\"elementor-section elementor-top-section elementor-element elementor-element-e0a2e9c elementor-section-stretched elementor-section-boxed elementor-section-height-default elementor-section-height-default\" data-id=\"e0a2e9c\" data-element_type=\"section\" data-settings=\"{&quot;stretch_section&quot;:&quot;section-stretched&quot;}\">\n\t\t\t\t\t\t<div class=\"elementor-container elementor-column-gap-default\">\n\t\t\t\t\t<div class=\"elementor-column elementor-col-100 elementor-top-column elementor-element elementor-element-66e8771\" data-id=\"66e8771\" data-element_type=\"column\">\n\t\t\t<div class=\"elementor-widget-wrap elementor-element-populated\">\n\t\t\t\t\t\t\t\t<div class=\"elementor-element elementor-element-4cf3831 elementor-widget elementor-widget-heading\" data-id=\"4cf3831\" data-element_type=\"widget\" data-widget_type=\"heading.default\">\n\t\t\t\t<div class=\"elementor-widget-container\">\n\t\t\t<h2 class=\"elementor-heading-title elementor-size-default\">Bonjour, <br>bienvenue dans mon photomonde<br><\/h2>\t\t<\/div>\n\t\t\t\t<\/div>\n\t\t\t\t\t<\/div>\n\t\t<\/div>\n\t\t\t\t\t\t\t<\/div>\n\t\t<\/section>\n\t\t\t\t<section class=\"elementor-section elementor-top-section elementor-element elementor-element-3aca1d79 elementor-section-stretched elementor-section-boxed elementor-section-height-default elementor-section-height-default\" data-id=\"3aca1d79\" data-element_type=\"section\" data-settings=\"{&quot;stretch_section&quot;:&quot;section-stretched&quot;}\">\n\t\t\t\t\t\t\t<div class=\"elementor-background-overlay\"><\/div>\n\t\t\t\t\t\t\t<div class=\"elementor-container elementor-column-gap-default\">\n\t\t\t\t\t<div class=\"elementor-column elementor-col-100 elementor-top-column elementor-element elementor-element-381486a4\" data-id=\"381486a4\" data-element_type=\"column\">\n\t\t\t<div class=\"elementor-widget-wrap elementor-element-populated\">\n\t\t\t\t\t\t\t\t<div class=\"elementor-element elementor-element-411020e7 elementor-widget__width-inherit elementor-widget elementor-widget-text-editor\" data-id=\"411020e7\" data-element_type=\"widget\" data-widget_type=\"text-editor.default\">\n\t\t\t\t<div class=\"elementor-widget-container\">\n\t\t\t\t\t\t\t<p><img decoding=\"async\" class=\"alignleft wp-image-154\" src=\"http:\/\/clodtodo.fr\/wp-content\/uploads\/2018\/04\/claude-avec-chapo-100x100.jpg\" alt=\"\" width=\"139\" height=\"139\" srcset=\"https:\/\/clodtodo.fr\/wp-content\/uploads\/2018\/04\/claude-avec-chapo-100x100.jpg 100w, https:\/\/clodtodo.fr\/wp-content\/uploads\/2018\/04\/claude-avec-chapo.jpg 168w\" sizes=\"(max-width: 139px) 100vw, 139px\" \/>J&rsquo;ai commenc\u00e9 \u00e0 voyager tr\u00e8s jeune. J&rsquo;avais \u00e0 peine 15 ans, que d\u00e9j\u00e0 j&rsquo;\u00e9conomisais en mangeant des sandwichs le midi pour pouvoir me payer \u00e0 cr\u00e9dit des vacances au <em>Club Med<\/em>. Mon premier village a \u00e9t\u00e9 <em>Caprera<\/em> en Sardaigne, puis <em>Cefal\u00f9<\/em> en Sicile, <em>El Hoceima<\/em> au Maroc, etc&#8230; Le virus m&rsquo;avait piqu\u00e9, et je l&rsquo;ai gard\u00e9. Je ne m&rsquo;en plains pas d\u2019ailleurs. C&rsquo;est certes un virus inoffensif, mais il finit tout de m\u00eame par co\u00fbter fort cher. J&rsquo;ai eu la chance d&rsquo;\u00e9pouser une femme qui avait aussi \u00e9t\u00e9 piqu\u00e9e, alors nous avons voyag\u00e9 toute notre vie, avec un break tout de m\u00eame de quelques ann\u00e9es pour \u00e9lever nos deux fils, et puis on a recommenc\u00e9, et il y a pas de doute qu&rsquo;on va continuer encore un peu.<\/p><p>Mon premier m\u00e9tier \u00e9tait photographe. J&rsquo;ai tra\u00een\u00e9 sur les bancs de l&rsquo;\u00e9cole de photo rue de Vaugirard, d&rsquo;un institut de photo rue Paul Val\u00e9ry et de l&rsquo;Hidec. J&rsquo;ai \u00e9t\u00e9 un moment assistant chez <em>Sam Levin<\/em> (je portais les ch\u00e2ssis du grand ma\u00eetre), puis j&rsquo;ai fait un peu dans la mode et dans l&rsquo;industrie. C&rsquo;\u00e9tait \u00e0 l&rsquo;\u00e9poque les d\u00e9buts de la photographie en couleur, \u00e7a m&rsquo;a bien int\u00e9ress\u00e9, et j&rsquo;ai gravi les \u00e9chelons dans quelques grands laboratoires photographiques.<\/p><p>Mais j&rsquo;\u00e9tais un peu timide, je n&rsquo;avais pas de relation, et je n&rsquo;\u00e9tais pas certain d&rsquo;avoir du talent comme bon nombre de mes copains photographes qui eux croyaient dur comme fer dans leur g\u00e9nie. J&rsquo;ai eu la chance de croiser un homme dans le monde des Arts Graphiques qui voulait monter une soci\u00e9t\u00e9 sur une technologie nouvelle dans l&rsquo;imprimerie : <em>La Photocomposition.<\/em> (cela consiste \u00e0 composer des textes par un moyen photographique, et donc de remplacer les caract\u00e8res en plomb chers \u00e0 <em>Gutenberg<\/em>.<\/p><p>Je me suis donc reconverti et puisque dans cette technique il y avait le mot photo, j&rsquo;ai dig\u00e9r\u00e9 cela vite fait. En 3 ans j&#8217;employais 15 personnes, j&rsquo;avais 25 ans, j&rsquo;\u00e9tais petit chef et je roulais en DS. Le bonheur&#8230;<\/p><p>Mais \u00e7a stagnait, mon patron ne voulait pas aller plus loin et moi je ruais dans les brancards. Donc avec mon solide bagage technique et un ami \u00e0 l&rsquo;\u00e9poque qui lui \u00e9tait plut\u00f4t bon en commerce, nous sommes partis en province, \u00e0 Orl\u00e9ans, monter une soci\u00e9t\u00e9. Je passe vite, mais en 15 ans nous \u00e9tions devenus une soci\u00e9t\u00e9 majeure en France dans ce domaine de la composition et la photogravure. Nos clients \u00e9taient les plus grands \u00e9diteurs, <em>Larousse, Le Robert, Nathan, Hachette.<\/em> J&rsquo;ai donc dirig\u00e9 techniquement cette entreprise \u2013 nous \u00e9tions une centaine d&#8217;employ\u00e9s \u2013 ceci m&rsquo;a permis d&rsquo;apprendre plein de chose, la direction, la gestion et la programmation informatique.<\/p><p>En 1985, le vent a tourn\u00e9, mon ami \u00e9tait devenu m\u00e9galomane et il nous a entrain\u00e9 dans un gouffre. C&rsquo;\u00e9tait les balbutiements de la micro-informatique, les premiers <em>IBM PC, <\/em>les<em> Apple II, <\/em>les<em> Macintosh<\/em>. Je me suis engouffr\u00e9 dans ces techniques et mont\u00e9 une soci\u00e9t\u00e9 de logiciels pour les \u00e9diteurs et les entreprises de presse. C&rsquo;\u00e9tait le d\u00e9but, ou plut\u00f4t la continuit\u00e9 du processus de modernisation des techniques de communication que l&rsquo;on appelle PAO (publication assist\u00e9e par ordinateur). Ensuite j&rsquo;ai aussi fait dans le domaine de la micro\u00e9dition, cela a dur\u00e9 quelques ann\u00e9es, mais je n&rsquo;avais pas la structure financi\u00e8re suffisante pour supporter la mont\u00e9e d&rsquo;un nouveau march\u00e9.<\/p><p>Je me suis donc arr\u00eat\u00e9 l\u00e0, et j&rsquo;ai pris ma retraite. Ceci me permet de revenir \u00e0 mes origines de photographe, mais avec en plus quelques comp\u00e9tences en informatique, communication, imprimerie.<\/p><p>Alors, j&rsquo;ai pens\u00e9 que les photos de mes voyages ne servaient \u00e0 rien puisque personne ne les regardait. Alors j&rsquo;ai fait ce site pour que tout le monde puisse les voir. Le choix n&rsquo;est pas simple, car il faut choisir dans plus de vingt milles photos.<\/p><p>Enfin vous me direz ce que vous en pensez.<\/p><p>Cordialement<\/p><p><em> Claude Todoroff<\/em><\/p>\t\t\t\t\t\t<\/div>\n\t\t\t\t<\/div>\n\t\t\t\t\t<\/div>\n\t\t<\/div>\n\t\t\t\t\t\t\t<\/div>\n\t\t<\/section>\n\t\t\t\t\t\t\t<\/div>\n\t\t","protected":false},"excerpt":{"rendered":"<p>Bonjour, bienvenue dans mon photomonde J&rsquo;ai commenc\u00e9 \u00e0 voyager tr\u00e8s jeune. J&rsquo;avais \u00e0 peine 15 ans, que d\u00e9j\u00e0 j&rsquo;\u00e9conomisais en mangeant des sandwichs le midi pour pouvoir me payer \u00e0 cr\u00e9dit des vacances au Club Med. Mon premier village a \u00e9t\u00e9 Caprera en Sardaigne, puis Cefal\u00f9 en Sicile, El Hoceima au Maroc, etc&#8230; Le virus &hellip; <\/p>\n<p class=\"link-more\"><a href=\"https:\/\/clodtodo.fr\/?page_id=198\" class=\"more-link\">Continuer la lecture<span class=\"screen-reader-text\"> de &laquo;&nbsp;Bonjour et bienvenu dans mon photomonde&nbsp;&raquo;<\/span><\/a><\/p>\n","protected":false},"author":1,"featured_media":0,"parent":0,"menu_order":0,"comment_status":"closed","ping_status":"closed","template":"","meta":{"footnotes":""},"_links":{"self":[{"href":"https:\/\/clodtodo.fr\/index.php?rest_route=\/wp\/v2\/pages\/198"}],"collection":[{"href":"https:\/\/clodtodo.fr\/index.php?rest_route=\/wp\/v2\/pages"}],"about":[{"href":"https:\/\/clodtodo.fr\/index.php?rest_route=\/wp\/v2\/types\/page"}],"author":[{"embeddable":true,"href":"https:\/\/clodtodo.fr\/index.php?rest_route=\/wp\/v2\/users\/1"}],"replies":[{"embeddable":true,"href":"https:\/\/clodtodo.fr\/index.php?rest_route=%2Fwp%2Fv2%2Fcomments&post=198"}],"version-history":[{"count":28,"href":"https:\/\/clodtodo.fr\/index.php?rest_route=\/wp\/v2\/pages\/198\/revisions"}],"predecessor-version":[{"id":1950,"href":"https:\/\/clodtodo.fr\/index.php?rest_route=\/wp\/v2\/pages\/198\/revisions\/1950"}],"wp:attachment":[{"href":"https:\/\/clodtodo.fr\/index.php?rest_route=%2Fwp%2Fv2%2Fmedia&parent=198"}],"curies":[{"name":"wp","href":"https:\/\/api.w.org\/{rel}","templated":true}]}}