{"id":414,"date":"2019-06-20T00:01:59","date_gmt":"2019-06-19T22:01:59","guid":{"rendered":"http:\/\/clodtodo.fr\/?page_id=414"},"modified":"2019-11-21T19:07:32","modified_gmt":"2019-11-21T18:07:32","slug":"iran-panorama","status":"publish","type":"page","link":"https:\/\/clodtodo.fr\/?page_id=414","title":{"rendered":"Iran, mon point de vue"},"content":{"rendered":"<div id=\"pl-414\"  class=\"panel-layout\" >\n<div id=\"pg-414-0\"  class=\"panel-grid panel-no-style\" >\n<div id=\"pgc-414-0-0\"  class=\"panel-grid-cell\"  data-weight=\"1\" >\n<div id=\"panel-414-0-0-0\" class=\"so-panel widget widget_sow-editor panel-first-child panel-last-child\" data-index=\"0\" data-style=\"{&quot;background_image_attachment&quot;:false,&quot;background_display&quot;:&quot;tile&quot;,&quot;margin&quot;:&quot;0mm 0mm 0mm 0mm&quot;}\" >\n<div class=\"so-widget-sow-editor so-widget-sow-editor-base\">\n<div class=\"siteorigin-widget-tinymce textwidget\">\n<p><img fetchpriority=\"high\" decoding=\"async\" class=\"alignleft size-medium wp-image-406\" src=\"http:\/\/clodtodo.fr\/wp-content\/uploads\/2019\/06\/IMG_4451-300x200.jpg\" alt=\"\" width=\"300\" height=\"200\" srcset=\"https:\/\/clodtodo.fr\/wp-content\/uploads\/2019\/06\/IMG_4451-300x200.jpg 300w, https:\/\/clodtodo.fr\/wp-content\/uploads\/2019\/06\/IMG_4451-768x512.jpg 768w, https:\/\/clodtodo.fr\/wp-content\/uploads\/2019\/06\/IMG_4451-1024x683.jpg 1024w\" sizes=\"(max-width: 300px) 100vw, 300px\" \/>Bien que porter le foulard soit une servitude pas tr\u00e8s sympa, on ferait bien de revoir nos a priori largement influenc\u00e9s par nos m\u00e9dias occidentaux en g\u00e9n\u00e9ral et am\u00e9ricains en particulier sur ce pays de 80 millions d&rsquo;habitants qui n&rsquo;aspirent qu&rsquo;\u00e0 vivre normalement.<\/p>\n<p>Si on veut bien se rappeler que l&rsquo;\u00e9glise catholique obligeaient nos m\u00e8res a se couvrir la t\u00eate et les bras quand elles sortaient de chez elles : o\u00f9 est la diff\u00e9rence ?<\/p>\n<p>Sur nos probl\u00e8mes de soci\u00e9t\u00e9. Ici en Iran il n&rsquo;y a pas ou peu de d\u00e9linquance ou de viol\u00a0 et il n&rsquo;y a pas non plus d&rsquo;alcool au volant et pour cause, l\u2019alcool est interdite. Curieusement on se sent en s\u00e9curit\u00e9.<\/p>\n<p>De l\u00e0 \u00e0 en conclure que la morale autoritaire des Mollahs soit la panac\u00e9e, je n&rsquo;irai pas jusque l\u00e0, mais le peuple, instruit et volontaire ne se sent pas vraiment concern\u00e9 par le programme nucl\u00e9aire. L&rsquo;obligation du port du foulard islamique m\u00eame s&rsquo;ils voudraient bien s&rsquo;en affranchir, ce n&rsquo;est pas leur revendication premi\u00e8re. Ce que les iraniens et les iraniennes veulent, c&rsquo;est un peu plus de pouvoir d&rsquo;achat et du travail. On peut donc facilement comprendre qu&rsquo;ils d\u00e9testent la politique occidentale. Leurs gilets ne sont pas jaunes, ils sont noirs mais c&rsquo;est la m\u00eame chose.<\/p>\n<p>Le vrai probl\u00e8me dans la r\u00e9gion se r\u00e9sume \u00e0 une guerre de religions entre Chiites et Sunnite. Nous avons connu cela entre catholiques et protestants, et nous avons mis pas mal de temps \u00e0 comprendre, alors laissons les r\u00e9gler ce probl\u00e8me, et ne nous en m\u00ealons pas au pr\u00e9texte de leur vendre nos avions et nos fusils ou de maitriser une zone d&rsquo;influence pour calmer nos peurs de manquer de p\u00e9trole.<\/p>\n<h4>PERSEPOLIS<\/h4>\n<p><a href=\"http:\/\/clodtodo.fr\/iran-persepolis\"><img decoding=\"async\" class=\"alignleft size-thumbnail wp-image-400\" src=\"http:\/\/clodtodo.fr\/wp-content\/uploads\/2019\/06\/IMG_5840-100x100.jpg\" alt=\"\" width=\"100\" height=\"100\" \/><\/a>L&#8217;empire Perse qui a domin\u00e9 la r\u00e9gion pendant plus d&rsquo;un mill\u00e9naire, et qui a fait le lien entre la M\u00e9sopotamie et l\u2019\u00c9gypte a \u00e9t\u00e9 le berceau de notre civilisation. Il a \u00e9t\u00e9 d\u00e9truit par un Grec jaloux et cupide : Alexandre (dit Le Grand). Du royaume de Cyrius et de Darius, il ne reste que ces ruines, mais tout de m\u00eame c&rsquo;est un haut lieu arch\u00e9ologique dans le monde.<\/p>\n<h4>SHIRAZ<\/h4>\n<p><a href=\"http:\/\/clodtodo.fr\/iran-shiraz\"><img decoding=\"async\" class=\"alignleft size-thumbnail wp-image-402\" src=\"http:\/\/clodtodo.fr\/wp-content\/uploads\/2019\/06\/IMG_5803-100x100.jpg\" alt=\"\" width=\"100\" height=\"100\" \/><\/a>C&rsquo;est la 3e ville d&rsquo;Iran et consid\u00e9r\u00e9e comme la capitale culturelle du pays. Le climat est plus doux et la vie y est plus <em>\u00ab\u00a0relax\u00a0\u00bb<\/em>. C&rsquo;est une ville de jardins. Elle abrite les mausol\u00e9e des plus grands po\u00e8tes iraniens, <em>Hafiz<\/em> c\u00e9l\u00e8bre pour son ouvrage <em>Le Divan,<\/em> v\u00e9ritable philosophie de la vie en compl\u00e9ment du Coran et celui de<em> Saadi<\/em> \u00e9galement grand po\u00e8te.<\/p>\n<h4>YAZD<\/h4>\n<p><a href=\"http:\/\/clodtodo.fr\/iran-yazd\"><img loading=\"lazy\" decoding=\"async\" class=\"alignleft size-thumbnail wp-image-403\" src=\"http:\/\/clodtodo.fr\/wp-content\/uploads\/2019\/06\/IMG_5283-100x100.jpg\" alt=\"\" width=\"100\" height=\"100\" \/><\/a>Situ\u00e9 sur le plateau central iranien, il s&rsquo;agirait selon l&rsquo;UNESCO d&rsquo;une des plus ancienne ville du monde. On y trouve un mus\u00e9e consacr\u00e9 \u00e0 la religion zoroastrienne vou\u00e9e au\u00a0 culte du feu. Il \u00e9tait entretenu 24\/24. Il ne s&rsquo;est pas \u00e9teint en plus de 1000 ans.<\/p>\n<h4>ISPAHAN<\/h4>\n<p><a href=\"http:\/\/clodtodo.fr\/iran-ispahan\"><img loading=\"lazy\" decoding=\"async\" class=\"alignleft size-thumbnail wp-image-404\" src=\"http:\/\/clodtodo.fr\/wp-content\/uploads\/2019\/06\/IMG_4760-100x100.jpg\" alt=\"\" width=\"100\" height=\"100\" \/><\/a>La ville aux d\u00f4mes turquoises. Avec son immense place (la plus grande du monde d&rsquo;apr\u00e8s ce que l&rsquo;on dit) c&rsquo;est le joyau de ce pays. L&rsquo;immense mosqu\u00e9e Sheik loft allah est une pure merveille. Les all\u00e9s du bazar ressemblent plus au louvre des antiquaires qu&rsquo;\u00e0 un bazar oriental traditionnel.<\/p>\n<h4>ABIYANEH<\/h4>\n<p><a href=\"http:\/\/clodtodo.fr\/iran-abiyaneh\"><img loading=\"lazy\" decoding=\"async\" class=\"alignleft size-thumbnail wp-image-405\" src=\"http:\/\/clodtodo.fr\/wp-content\/uploads\/2019\/06\/IMG_4639-100x100.jpg\" alt=\"\" width=\"100\" height=\"100\" \/><\/a>C&rsquo;est un village devenu hautement touristique en Iran. Il faut dire que les maisons en pis\u00e9 faites avec cette terre rouge, donnent un cachet tout particuli\u00e8rement. Les habitants ne s&rsquo;y sont pas tromp\u00e9s et sortent leurs plus belles tuniques. Les r\u00e9unions de familles sont partout dans la rue.<\/p>\n<h4>KASHAN<\/h4>\n<p><a href=\"http:\/\/clodtodo.fr\/iran-kashan\"><img loading=\"lazy\" decoding=\"async\" class=\"alignleft size-thumbnail wp-image-406\" src=\"http:\/\/clodtodo.fr\/wp-content\/uploads\/2019\/06\/IMG_4451-100x100.jpg\" alt=\"\" width=\"100\" height=\"100\" \/><\/a>V\u00e9ritable oasis en plein d\u00e9sert hostile, le <em>jardin de Fin<\/em> et toute la ville est entour\u00e9e d&rsquo;un mur d&rsquo;enceinte protecteur. Un mausol\u00e9e, lieu de p\u00e8lerinage, oblige a une tenu islamique adapt\u00e9e que l&rsquo;on vous pr\u00eate \u00e0 l&rsquo;entr\u00e9 de la mosqu\u00e9e.<\/p>\n<h4>TEHERAN<\/h4>\n<p><a href=\"http:\/\/clodtodo.fr\/iran-teheran\"><img loading=\"lazy\" decoding=\"async\" class=\"alignleft size-thumbnail wp-image-407\" src=\"http:\/\/clodtodo.fr\/wp-content\/uploads\/2019\/06\/IMG_6054-100x100.jpg\" alt=\"\" width=\"100\" height=\"100\" \/><\/a>Capitale et immense m\u00e9tropole de 16 millions d&rsquo;habitants T\u00e9h\u00e9ran est une ville tr\u00e8s moderne, avec un urbanisme tout a fait au niveau des grandes capitales. La circulation y est difficile, mais situ\u00e9e a proximit\u00e9 des massifs montagneux, on peut facilement pratiquer le treik et le ski en hiver.<\/p>\n<\/div>\n<\/div>\n<\/div>\n<\/div>\n<\/div>\n<\/div>\n","protected":false},"excerpt":{"rendered":"<p>Bien que porter le foulard soit une servitude pas tr\u00e8s sympa, on ferait bien de revoir nos a priori largement influenc\u00e9s par nos m\u00e9dias occidentaux en g\u00e9n\u00e9ral et am\u00e9ricains en particulier sur ce pays de 80 millions d&rsquo;habitants qui n&rsquo;aspirent qu&rsquo;\u00e0 vivre normalement. Si on veut bien se rappeler que l&rsquo;\u00e9glise catholique obligeaient nos m\u00e8res &hellip; <\/p>\n<p class=\"link-more\"><a href=\"https:\/\/clodtodo.fr\/?page_id=414\" class=\"more-link\">Continuer la lecture<span class=\"screen-reader-text\"> de &laquo;&nbsp;Iran, mon point de vue&nbsp;&raquo;<\/span><\/a><\/p>\n","protected":false},"author":1,"featured_media":0,"parent":0,"menu_order":0,"comment_status":"closed","ping_status":"closed","template":"","meta":{"footnotes":""},"_links":{"self":[{"href":"https:\/\/clodtodo.fr\/index.php?rest_route=\/wp\/v2\/pages\/414"}],"collection":[{"href":"https:\/\/clodtodo.fr\/index.php?rest_route=\/wp\/v2\/pages"}],"about":[{"href":"https:\/\/clodtodo.fr\/index.php?rest_route=\/wp\/v2\/types\/page"}],"author":[{"embeddable":true,"href":"https:\/\/clodtodo.fr\/index.php?rest_route=\/wp\/v2\/users\/1"}],"replies":[{"embeddable":true,"href":"https:\/\/clodtodo.fr\/index.php?rest_route=%2Fwp%2Fv2%2Fcomments&post=414"}],"version-history":[{"count":15,"href":"https:\/\/clodtodo.fr\/index.php?rest_route=\/wp\/v2\/pages\/414\/revisions"}],"predecessor-version":[{"id":567,"href":"https:\/\/clodtodo.fr\/index.php?rest_route=\/wp\/v2\/pages\/414\/revisions\/567"}],"wp:attachment":[{"href":"https:\/\/clodtodo.fr\/index.php?rest_route=%2Fwp%2Fv2%2Fmedia&parent=414"}],"curies":[{"name":"wp","href":"https:\/\/api.w.org\/{rel}","templated":true}]}}