{"id":444,"date":"2019-06-24T19:38:45","date_gmt":"2019-06-24T17:38:45","guid":{"rendered":"http:\/\/clodtodo.fr\/?page_id=444"},"modified":"2019-12-16T23:05:37","modified_gmt":"2019-12-16T22:05:37","slug":"notre-voyage-en-ousbekistan","status":"publish","type":"page","link":"https:\/\/clodtodo.fr\/?page_id=444","title":{"rendered":"Notre voyage en Ousb\u00e9kistan"},"content":{"rendered":"\t\t<div data-elementor-type=\"wp-page\" data-elementor-id=\"444\" class=\"elementor elementor-444\">\n\t\t\t\t\t\t\t\t\t<section class=\"elementor-section elementor-top-section elementor-element elementor-element-3a96394a elementor-section-boxed elementor-section-height-default elementor-section-height-default\" data-id=\"3a96394a\" data-element_type=\"section\">\n\t\t\t\t\t\t<div class=\"elementor-container elementor-column-gap-default\">\n\t\t\t\t\t<div class=\"elementor-column elementor-col-100 elementor-top-column elementor-element elementor-element-618c386f\" data-id=\"618c386f\" data-element_type=\"column\">\n\t\t\t<div class=\"elementor-widget-wrap elementor-element-populated\">\n\t\t\t\t\t\t\t\t<div class=\"elementor-element elementor-element-257a7c9e elementor-widget elementor-widget-text-editor\" data-id=\"257a7c9e\" data-element_type=\"widget\" data-widget_type=\"text-editor.default\">\n\t\t\t\t<div class=\"elementor-widget-container\">\n\t\t\t\t\t\t\t<figure id=\"attachment_438\" aria-describedby=\"caption-attachment-438\" style=\"width: 2835px\" class=\"wp-caption alignleft\"><img fetchpriority=\"high\" decoding=\"async\" class=\"wp-image-438 size-full\" src=\"https:\/\/clodtodo.fr\/wp-content\/uploads\/2019\/06\/IMG_7551.jpg\" alt=\"\" width=\"2835\" height=\"1890\" srcset=\"https:\/\/clodtodo.fr\/wp-content\/uploads\/2019\/06\/IMG_7551.jpg 2835w, https:\/\/clodtodo.fr\/wp-content\/uploads\/2019\/06\/IMG_7551-300x200.jpg 300w, https:\/\/clodtodo.fr\/wp-content\/uploads\/2019\/06\/IMG_7551-768x512.jpg 768w, https:\/\/clodtodo.fr\/wp-content\/uploads\/2019\/06\/IMG_7551-1024x683.jpg 1024w\" sizes=\"(max-width: 767px) 89vw, (max-width: 1000px) 54vw, (max-width: 1071px) 543px, 580px\" \/><figcaption id=\"caption-attachment-438\" class=\"wp-caption-text\">Place du R\u00e9gistan<\/figcaption><\/figure><p>Voila ce que je voulais voir avant de mourir : <strong>SAMARKAND.<\/strong><\/p><p>C&rsquo;est donc, sinon un r\u00eave d&rsquo;enfant, un esp\u00e8ce de fantasme de voyageur. Quand on est piqu\u00e9 par ce virus des voyages, on se balade souvent dans les livres, les guides\u00a0 ou sur les sites internet, et donc au hasard des noms surgissent, ils \u00e9voquent plein de choses. Pour moi ce fut Machu Pichu, Ushuaia, Taj Mahal, Xian, La grande muraille, Abou simbel, d&rsquo;autres encore, mais il en restait un :\u00a0 Samarkand. Pourquoi, je ne sais pas, peut \u00eatre les r\u00e9cits de grands voyageurs ou mon premier m\u00e9tier de photographe et l&rsquo;envie de saisir le lieu, bref il fallait le faire.<\/p><p>Donc d\u00e9couvrir l\u2019Asie centrale, une r\u00e9gion touristique certes, mais pas trop tout de m\u00eame, nous voila partis. Toujours enclin \u00e0 optimiser les transports, et puisqu&rsquo;on passait pas loin, j&rsquo;ai entra\u00een\u00e9 Viviane en <a href=\"http:\/\/clodtodo.fr\/?p=410\">Iran<\/a> avec une petite \u00e9tape \u00e0 <a href=\"http:\/\/clodtodo.fr\/?p=395\">Istambul. <\/a><\/p><p>Nous venions donc d&rsquo;Iran, pays musulman assez rigoriste o\u00f9 il est n\u00e9cessaire que les femmes se couvrent la t\u00eate en public, ici en Ousb\u00e9kistan rien de cela. Les 70 ans d&rsquo;occupation sovi\u00e9tiques ont largement contribu\u00e9 \u00e0 gommer ces pratiques, et donc sur ce sujet, une compl\u00e8te libert\u00e9 de culte r\u00e8gne. C&rsquo;est le cas je pense dans toutes les ex-r\u00e9publiques sovi\u00e9tiques d\u2019Asie centrale. Il y a h\u00e9las encore quelques lieux o\u00f9 l&rsquo;obscurantisme reste pr\u00e9sent, l&rsquo;Afganistan, l&rsquo;Iran. Pour l&rsquo;Iran et puisque nous en venions, les jeunes commencent \u00e0 ruer dans les brancards et a n&rsquo;en pas douter ils r\u00e9ussiront \u00e0 infl\u00e9chir le r\u00e9gime. Pour l&rsquo;Afganistan, c&rsquo;est une autre histoire, et ce sera plus long.<\/p><p>Dans ce voyage, nous avons eu notre trop plein de mosqu\u00e9es. Pour exemple, si vous allez comme nous, en Birmanie-Laos-Tha\u00eflande, quand vous revenez vous avez un ras le bol de pagodes, et bien nous avons fait la m\u00eame chose avec ce voyage. Nous avons cumul\u00e9 Iran-Ousb\u00e9kistan alors nous avons eu notre ras le bol de mosqu\u00e9es.<\/p><p>Et pourtant elles sont g\u00e9niales, diff\u00e9rentes dans chaque ville, avec des coupoles et des minarets de toute forme et toute couleur.<\/p><p>Les \u00e9tapes de l&rsquo;ancienne route de la soie, celle de Marco Polo et de l&rsquo;\u00e9poque de Tamerlan nous les avons toutes vues.<\/p><p>Boukarra, la ville r\u00e9put\u00e9e pour sa soie, Samarkand et sa fameuse place du R\u00e9gistan, mais aussi les ruines de la mosqu\u00e9e de Timour, gigantesque, tout cela berce encore nos nuits.<\/p><p>Sur ce site, j&rsquo;ai s\u00e9lectionn\u00e9 quelques photos, environ 400 sur 2000. Il restera a faire un film d\u00e9finitif avec mes vid\u00e9os, ce sera pour dans quelques semaines.<\/p><h4><a href=\"http:\/\/clodtodo.fr\/ousbek-khiva\"><img decoding=\"async\" class=\"size-thumbnail wp-image-434 alignleft\" src=\"http:\/\/clodtodo.fr\/wp-content\/uploads\/2019\/06\/IMG_6244-100x100.jpg\" alt=\"\" width=\"100\" height=\"100\" \/><\/a>KHIVA<\/h4><p>C&rsquo;est une ville qui a f\u00eat\u00e9 ses 2500 ans. Elle ressemble a un d\u00e9cor de cin\u00e9ma. A l&rsquo;int\u00e9rieur d&rsquo;une premi\u00e8re muraille, on a l&rsquo;impression que la ville a \u00e9t\u00e9 fig\u00e9e dans le temps.<\/p><h4><a href=\"http:\/\/clodtodo.fr\/ousbek-toprak kala\"><img decoding=\"async\" class=\"alignleft size-thumbnail wp-image-435\" src=\"http:\/\/clodtodo.fr\/wp-content\/uploads\/2019\/06\/IMG_6395-100x100.jpg\" alt=\"\" width=\"100\" height=\"100\" \/><\/a>TOPRAK KALA<\/h4><p>Nous sommes dans la r\u00e9gion du Khorezm. Des fouilles ont mis a jour et reconstitu\u00e9 des ruines de forteresses du 1er si\u00e8cle avant J.-C.<\/p><h4><a href=\"http:\/\/clodtodo.fr\/ousbek-nourata\"><img loading=\"lazy\" decoding=\"async\" class=\"alignleft size-thumbnail wp-image-437\" src=\"http:\/\/clodtodo.fr\/wp-content\/uploads\/2019\/06\/IMG_7206-100x100.jpg\" alt=\"\" width=\"100\" height=\"100\" \/><\/a>NOURATA<\/h4><p>On traverse une r\u00e9gion toute rouge de coquelicots sauvages, m\u00eame la montagne est rouge, c&rsquo;est assez exceptionnel. Exceptionnel aussi la nuit en Yourte.<\/p><h4><a href=\"http:\/\/clodtodo.fr\/ousbek-boukkara\"><img loading=\"lazy\" decoding=\"async\" class=\"alignleft size-thumbnail wp-image-436\" src=\"http:\/\/clodtodo.fr\/wp-content\/uploads\/2019\/06\/IMG_7000-100x100.jpg\" alt=\"\" width=\"100\" height=\"100\" \/><\/a>BOUKKARA<\/h4><p>\u00c9tape majeure sur la route de la soie, Boukkara est surtout connue pour ses remarquables soies. On peut trouver tous les m\u00e9langes possibles, laine et soie, coton et soie, etc&#8230;<\/p><h4><a href=\"http:\/\/clodtodo.fr\/ousbek-samarkand\"><img loading=\"lazy\" decoding=\"async\" class=\"alignleft size-thumbnail wp-image-438\" src=\"http:\/\/clodtodo.fr\/wp-content\/uploads\/2019\/06\/IMG_7551-100x100.jpg\" alt=\"\" width=\"100\" height=\"100\" \/><\/a>SAMARKAND<\/h4><p>La perle de l&rsquo;orient. La ville de tous les superlatifs. Construite par Tamerlan ce sanguinaire empereur, on ne peut qu&rsquo;\u00eatre impressionn\u00e9 devant la place du R\u00e9gistan.<\/p><h4><a href=\"http:\/\/clodtodo.fr\/ousbek-tashkent\"><img loading=\"lazy\" decoding=\"async\" class=\"alignleft size-thumbnail wp-image-439\" src=\"http:\/\/clodtodo.fr\/wp-content\/uploads\/2019\/06\/IMG_8162-100x100.jpg\" alt=\"\" width=\"100\" height=\"100\" \/><\/a>TASHKENT<\/h4><p>Presque enti\u00e8rement d\u00e9truite en 1968, la ville a \u00e9t\u00e9 reconstruite. L&rsquo;architecture est \u00ab\u00a0\u00e0 la sovi\u00e9tique\u00a0\u00bb, avenues larges on circule bien. Il reste tout de m\u00eame quelques vestiges de la route de la soie.<\/p>\t\t\t\t\t\t<\/div>\n\t\t\t\t<\/div>\n\t\t\t\t\t<\/div>\n\t\t<\/div>\n\t\t\t\t\t\t\t<\/div>\n\t\t<\/section>\n\t\t\t\t\t\t\t<\/div>\n\t\t","protected":false},"excerpt":{"rendered":"<p>Voila ce que je voulais voir avant de mourir : SAMARKAND. C&rsquo;est donc, sinon un r\u00eave d&rsquo;enfant, un esp\u00e8ce de fantasme de voyageur. Quand on est piqu\u00e9 par ce virus des voyages, on se balade souvent dans les livres, les guides\u00a0 ou sur les sites internet, et donc au hasard des noms surgissent, ils \u00e9voquent &hellip; <\/p>\n<p class=\"link-more\"><a href=\"https:\/\/clodtodo.fr\/?page_id=444\" class=\"more-link\">Continuer la lecture<span class=\"screen-reader-text\"> de &laquo;&nbsp;Notre voyage en Ousb\u00e9kistan&nbsp;&raquo;<\/span><\/a><\/p>\n","protected":false},"author":1,"featured_media":0,"parent":0,"menu_order":0,"comment_status":"closed","ping_status":"closed","template":"elementor_canvas","meta":{"footnotes":""},"_links":{"self":[{"href":"https:\/\/clodtodo.fr\/index.php?rest_route=\/wp\/v2\/pages\/444"}],"collection":[{"href":"https:\/\/clodtodo.fr\/index.php?rest_route=\/wp\/v2\/pages"}],"about":[{"href":"https:\/\/clodtodo.fr\/index.php?rest_route=\/wp\/v2\/types\/page"}],"author":[{"embeddable":true,"href":"https:\/\/clodtodo.fr\/index.php?rest_route=\/wp\/v2\/users\/1"}],"replies":[{"embeddable":true,"href":"https:\/\/clodtodo.fr\/index.php?rest_route=%2Fwp%2Fv2%2Fcomments&post=444"}],"version-history":[{"count":14,"href":"https:\/\/clodtodo.fr\/index.php?rest_route=\/wp\/v2\/pages\/444\/revisions"}],"predecessor-version":[{"id":619,"href":"https:\/\/clodtodo.fr\/index.php?rest_route=\/wp\/v2\/pages\/444\/revisions\/619"}],"wp:attachment":[{"href":"https:\/\/clodtodo.fr\/index.php?rest_route=%2Fwp%2Fv2%2Fmedia&parent=444"}],"curies":[{"name":"wp","href":"https:\/\/api.w.org\/{rel}","templated":true}]}}