{"id":741,"date":"2020-04-09T17:00:30","date_gmt":"2020-04-09T15:00:30","guid":{"rendered":"https:\/\/clodtodo.fr\/?page_id=741"},"modified":"2021-05-13T17:46:02","modified_gmt":"2021-05-13T15:46:02","slug":"741-2","status":"publish","type":"page","link":"https:\/\/clodtodo.fr\/?page_id=741","title":{"rendered":"Sommaire afrique"},"content":{"rendered":"\t\t<div data-elementor-type=\"wp-page\" data-elementor-id=\"741\" class=\"elementor elementor-741\">\n\t\t\t\t\t\t\t\t\t<section class=\"elementor-section elementor-top-section elementor-element elementor-element-586b5e8 elementor-section-boxed elementor-section-height-default elementor-section-height-default\" data-id=\"586b5e8\" data-element_type=\"section\">\n\t\t\t\t\t\t<div class=\"elementor-container elementor-column-gap-default\">\n\t\t\t\t\t<div class=\"elementor-column elementor-col-100 elementor-top-column elementor-element elementor-element-024dd07\" data-id=\"024dd07\" data-element_type=\"column\">\n\t\t\t<div class=\"elementor-widget-wrap elementor-element-populated\">\n\t\t\t\t\t\t\t\t<div class=\"elementor-element elementor-element-74a0daf elementor-widget elementor-widget-heading\" data-id=\"74a0daf\" data-element_type=\"widget\" data-widget_type=\"heading.default\">\n\t\t\t\t<div class=\"elementor-widget-container\">\n\t\t\t<h2 class=\"elementor-heading-title elementor-size-default\">AFRIQUE<\/h2>\t\t<\/div>\n\t\t\t\t<\/div>\n\t\t\t\t\t<\/div>\n\t\t<\/div>\n\t\t\t\t\t\t\t<\/div>\n\t\t<\/section>\n\t\t\t\t<section class=\"elementor-section elementor-top-section elementor-element elementor-element-7619a1a elementor-section-boxed elementor-section-height-default elementor-section-height-default\" data-id=\"7619a1a\" data-element_type=\"section\">\n\t\t\t\t\t\t<div class=\"elementor-container elementor-column-gap-default\">\n\t\t\t\t\t<div class=\"elementor-column elementor-col-25 elementor-top-column elementor-element elementor-element-bbd2e95\" data-id=\"bbd2e95\" data-element_type=\"column\">\n\t\t\t<div class=\"elementor-widget-wrap elementor-element-populated\">\n\t\t\t\t\t\t\t\t<div class=\"elementor-element elementor-element-2661bb1 elementor-widget elementor-widget-image\" data-id=\"2661bb1\" data-element_type=\"widget\" data-widget_type=\"image.default\">\n\t\t\t\t<div class=\"elementor-widget-container\">\n\t\t\t\t\t\t\t\t\t\t\t\t<figure class=\"wp-caption\">\n\t\t\t\t\t\t\t\t\t\t\t<a href=\"https:\/\/clodtodo.fr\/?p=233\">\n\t\t\t\t\t\t\t<img fetchpriority=\"high\" decoding=\"async\" width=\"300\" height=\"217\" src=\"https:\/\/clodtodo.fr\/wp-content\/uploads\/2020\/04\/Parc-addo-elephant-11-1-300x217.jpg\" class=\"attachment-medium size-medium wp-image-754\" alt=\"\" srcset=\"https:\/\/clodtodo.fr\/wp-content\/uploads\/2020\/04\/Parc-addo-elephant-11-1-300x217.jpg 300w, https:\/\/clodtodo.fr\/wp-content\/uploads\/2020\/04\/Parc-addo-elephant-11-1-768x555.jpg 768w, https:\/\/clodtodo.fr\/wp-content\/uploads\/2020\/04\/Parc-addo-elephant-11-1-1024x740.jpg 1024w\" sizes=\"100vw\" \/>\t\t\t\t\t\t\t\t<\/a>\n\t\t\t\t\t\t\t\t\t\t\t<figcaption class=\"widget-image-caption wp-caption-text\">Afrique du Sud<\/figcaption>\n\t\t\t\t\t\t\t\t\t\t<\/figure>\n\t\t\t\t\t\t\t\t\t<\/div>\n\t\t\t\t<\/div>\n\t\t\t\t\t<\/div>\n\t\t<\/div>\n\t\t\t\t<div class=\"elementor-column elementor-col-25 elementor-top-column elementor-element elementor-element-0fc38de\" data-id=\"0fc38de\" data-element_type=\"column\">\n\t\t\t<div class=\"elementor-widget-wrap elementor-element-populated\">\n\t\t\t\t\t\t\t\t<div class=\"elementor-element elementor-element-8902336 elementor-widget elementor-widget-image\" data-id=\"8902336\" data-element_type=\"widget\" data-widget_type=\"image.default\">\n\t\t\t\t<div class=\"elementor-widget-container\">\n\t\t\t\t\t\t\t\t\t\t\t\t<figure class=\"wp-caption\">\n\t\t\t\t\t\t\t\t\t\t\t<a href=\"https:\/\/clodtodo.fr\/?p=252\">\n\t\t\t\t\t\t\t<img decoding=\"async\" width=\"300\" height=\"210\" src=\"https:\/\/clodtodo.fr\/wp-content\/uploads\/2018\/06\/A-bord-du-Dahabi\u00e9-4-300x210.jpg\" class=\"attachment-medium size-medium wp-image-254\" alt=\"\" srcset=\"https:\/\/clodtodo.fr\/wp-content\/uploads\/2018\/06\/A-bord-du-Dahabi\u00e9-4-300x210.jpg 300w, https:\/\/clodtodo.fr\/wp-content\/uploads\/2018\/06\/A-bord-du-Dahabi\u00e9-4-768x537.jpg 768w, https:\/\/clodtodo.fr\/wp-content\/uploads\/2018\/06\/A-bord-du-Dahabi\u00e9-4-1024x717.jpg 1024w, https:\/\/clodtodo.fr\/wp-content\/uploads\/2018\/06\/A-bord-du-Dahabi\u00e9-4.jpg 1772w\" sizes=\"100vw\" \/>\t\t\t\t\t\t\t\t<\/a>\n\t\t\t\t\t\t\t\t\t\t\t<figcaption class=\"widget-image-caption wp-caption-text\">\u00c9gypte<\/figcaption>\n\t\t\t\t\t\t\t\t\t\t<\/figure>\n\t\t\t\t\t\t\t\t\t<\/div>\n\t\t\t\t<\/div>\n\t\t\t\t\t<\/div>\n\t\t<\/div>\n\t\t\t\t<div class=\"elementor-column elementor-col-25 elementor-top-column elementor-element elementor-element-81e2c2a\" data-id=\"81e2c2a\" data-element_type=\"column\">\n\t\t\t<div class=\"elementor-widget-wrap elementor-element-populated\">\n\t\t\t\t\t\t\t\t<div class=\"elementor-element elementor-element-c0cfe08 elementor-widget elementor-widget-image\" data-id=\"c0cfe08\" data-element_type=\"widget\" data-widget_type=\"image.default\">\n\t\t\t\t<div class=\"elementor-widget-container\">\n\t\t\t\t\t\t\t\t\t\t\t\t<figure class=\"wp-caption\">\n\t\t\t\t\t\t\t\t\t\t\t<a href=\"https:\/\/clodtodo.fr\/?p=357\">\n\t\t\t\t\t\t\t<img decoding=\"async\" width=\"525\" height=\"368\" src=\"https:\/\/clodtodo.fr\/wp-content\/uploads\/2020\/04\/Curepipe-22-1024x717.jpg\" class=\"attachment-large size-large wp-image-747\" alt=\"\" srcset=\"https:\/\/clodtodo.fr\/wp-content\/uploads\/2020\/04\/Curepipe-22-1024x717.jpg 1024w, https:\/\/clodtodo.fr\/wp-content\/uploads\/2020\/04\/Curepipe-22-300x210.jpg 300w, https:\/\/clodtodo.fr\/wp-content\/uploads\/2020\/04\/Curepipe-22-768x538.jpg 768w\" sizes=\"100vw\" \/>\t\t\t\t\t\t\t\t<\/a>\n\t\t\t\t\t\t\t\t\t\t\t<figcaption class=\"widget-image-caption wp-caption-text\">Maurice<\/figcaption>\n\t\t\t\t\t\t\t\t\t\t<\/figure>\n\t\t\t\t\t\t\t\t\t<\/div>\n\t\t\t\t<\/div>\n\t\t\t\t\t<\/div>\n\t\t<\/div>\n\t\t\t\t<div class=\"elementor-column elementor-col-25 elementor-top-column elementor-element elementor-element-68be1bb\" data-id=\"68be1bb\" data-element_type=\"column\">\n\t\t\t<div class=\"elementor-widget-wrap elementor-element-populated\">\n\t\t\t\t\t\t\t\t<div class=\"elementor-element elementor-element-01cc5b1 elementor-widget elementor-widget-image\" data-id=\"01cc5b1\" data-element_type=\"widget\" data-widget_type=\"image.default\">\n\t\t\t\t<div class=\"elementor-widget-container\">\n\t\t\t\t\t\t\t\t\t\t\t\t<figure class=\"wp-caption\">\n\t\t\t\t\t\t\t\t\t\t\t<a href=\"https:\/\/clodtodo.fr\/?p=242\">\n\t\t\t\t\t\t\t<img loading=\"lazy\" decoding=\"async\" width=\"525\" height=\"379\" src=\"https:\/\/clodtodo.fr\/wp-content\/uploads\/2020\/04\/Zimbabwe-Les-chutes-victoria-6-1024x740.jpg\" class=\"attachment-large size-large wp-image-748\" alt=\"\" srcset=\"https:\/\/clodtodo.fr\/wp-content\/uploads\/2020\/04\/Zimbabwe-Les-chutes-victoria-6-1024x740.jpg 1024w, https:\/\/clodtodo.fr\/wp-content\/uploads\/2020\/04\/Zimbabwe-Les-chutes-victoria-6-300x217.jpg 300w, https:\/\/clodtodo.fr\/wp-content\/uploads\/2020\/04\/Zimbabwe-Les-chutes-victoria-6-768x555.jpg 768w\" sizes=\"100vw\" \/>\t\t\t\t\t\t\t\t<\/a>\n\t\t\t\t\t\t\t\t\t\t\t<figcaption class=\"widget-image-caption wp-caption-text\">Zimbabw\u00e9<\/figcaption>\n\t\t\t\t\t\t\t\t\t\t<\/figure>\n\t\t\t\t\t\t\t\t\t<\/div>\n\t\t\t\t<\/div>\n\t\t\t\t\t<\/div>\n\t\t<\/div>\n\t\t\t\t\t\t\t<\/div>\n\t\t<\/section>\n\t\t\t\t<section class=\"elementor-section elementor-top-section elementor-element elementor-element-d5134a6 elementor-section-boxed elementor-section-height-default elementor-section-height-default\" data-id=\"d5134a6\" data-element_type=\"section\">\n\t\t\t\t\t\t<div class=\"elementor-container elementor-column-gap-default\">\n\t\t\t\t\t<div class=\"elementor-column elementor-col-25 elementor-top-column elementor-element elementor-element-262eecd\" data-id=\"262eecd\" data-element_type=\"column\">\n\t\t\t<div class=\"elementor-widget-wrap elementor-element-populated\">\n\t\t\t\t\t\t\t\t<div class=\"elementor-element elementor-element-a76cf57 elementor-widget elementor-widget-image\" data-id=\"a76cf57\" data-element_type=\"widget\" data-widget_type=\"image.default\">\n\t\t\t\t<div class=\"elementor-widget-container\">\n\t\t\t\t\t\t\t\t\t\t\t\t<figure class=\"wp-caption\">\n\t\t\t\t\t\t\t\t\t\t\t<a href=\"https:\/\/clodtodo.fr\/?p=890\">\n\t\t\t\t\t\t\t<img loading=\"lazy\" decoding=\"async\" width=\"525\" height=\"350\" src=\"https:\/\/clodtodo.fr\/wp-content\/uploads\/2021\/04\/MoulayIdriss-15-1024x683.jpg\" class=\"attachment-large size-large wp-image-894\" alt=\"\" srcset=\"https:\/\/clodtodo.fr\/wp-content\/uploads\/2021\/04\/MoulayIdriss-15-1024x683.jpg 1024w, https:\/\/clodtodo.fr\/wp-content\/uploads\/2021\/04\/MoulayIdriss-15-300x200.jpg 300w, https:\/\/clodtodo.fr\/wp-content\/uploads\/2021\/04\/MoulayIdriss-15-768x512.jpg 768w, https:\/\/clodtodo.fr\/wp-content\/uploads\/2021\/04\/MoulayIdriss-15.jpg 1546w\" sizes=\"100vw\" \/>\t\t\t\t\t\t\t\t<\/a>\n\t\t\t\t\t\t\t\t\t\t\t<figcaption class=\"widget-image-caption wp-caption-text\">Maroc<\/figcaption>\n\t\t\t\t\t\t\t\t\t\t<\/figure>\n\t\t\t\t\t\t\t\t\t<\/div>\n\t\t\t\t<\/div>\n\t\t\t\t\t<\/div>\n\t\t<\/div>\n\t\t\t\t<div class=\"elementor-column elementor-col-25 elementor-top-column elementor-element elementor-element-863eaf4\" data-id=\"863eaf4\" data-element_type=\"column\">\n\t\t\t<div class=\"elementor-widget-wrap elementor-element-populated\">\n\t\t\t\t\t\t\t\t<div class=\"elementor-element elementor-element-759cde0 elementor-widget elementor-widget-image\" data-id=\"759cde0\" data-element_type=\"widget\" data-widget_type=\"image.default\">\n\t\t\t\t<div class=\"elementor-widget-container\">\n\t\t\t\t\t\t\t\t\t\t\t\t<figure class=\"wp-caption\">\n\t\t\t\t\t\t\t\t\t\t<img decoding=\"async\" src=\"https:\/\/clodtodo.fr\/wp-content\/plugins\/elementor\/assets\/images\/placeholder.png\" title=\"\" alt=\"\" loading=\"lazy\" \/>\t\t\t\t\t\t\t\t\t\t\t<figcaption class=\"widget-image-caption wp-caption-text\">Tunisie<\/figcaption>\n\t\t\t\t\t\t\t\t\t\t<\/figure>\n\t\t\t\t\t\t\t\t\t<\/div>\n\t\t\t\t<\/div>\n\t\t\t\t\t<\/div>\n\t\t<\/div>\n\t\t\t\t<div class=\"elementor-column elementor-col-25 elementor-top-column elementor-element elementor-element-c410497\" data-id=\"c410497\" data-element_type=\"column\">\n\t\t\t<div class=\"elementor-widget-wrap elementor-element-populated\">\n\t\t\t\t\t\t\t\t<div class=\"elementor-element elementor-element-9c1f097 elementor-widget elementor-widget-image\" data-id=\"9c1f097\" data-element_type=\"widget\" data-widget_type=\"image.default\">\n\t\t\t\t<div class=\"elementor-widget-container\">\n\t\t\t\t\t\t\t\t\t\t\t\t<figure class=\"wp-caption\">\n\t\t\t\t\t\t\t\t\t\t\t<a href=\"https:\/\/clodtodo.fr\/s\u00e9n\u00e9gal\">\n\t\t\t\t\t\t\t<img decoding=\"async\" src=\"https:\/\/clodtodo.fr\/wp-content\/uploads\/elementor\/thumbs\/capt-00047-p72g0hb6tfmmt9cd0fsnsg5tatnqhslds919op3vf4.jpg\" title=\"S\u00c9N\u00c9GAL\" alt=\"Des milliers de P\u00e9licans dans la mangrove.\" loading=\"lazy\" \/>\t\t\t\t\t\t\t\t<\/a>\n\t\t\t\t\t\t\t\t\t\t\t<figcaption class=\"widget-image-caption wp-caption-text\">S\u00e9n\u00e9gal<\/figcaption>\n\t\t\t\t\t\t\t\t\t\t<\/figure>\n\t\t\t\t\t\t\t\t\t<\/div>\n\t\t\t\t<\/div>\n\t\t\t\t\t<\/div>\n\t\t<\/div>\n\t\t\t\t<div class=\"elementor-column elementor-col-25 elementor-top-column elementor-element elementor-element-ddebf68\" data-id=\"ddebf68\" data-element_type=\"column\">\n\t\t\t<div class=\"elementor-widget-wrap elementor-element-populated\">\n\t\t\t\t\t\t\t\t<div class=\"elementor-element elementor-element-e641159 elementor-widget elementor-widget-image\" data-id=\"e641159\" data-element_type=\"widget\" data-widget_type=\"image.default\">\n\t\t\t\t<div class=\"elementor-widget-container\">\n\t\t\t\t\t\t\t\t\t\t\t\t<figure class=\"wp-caption\">\n\t\t\t\t\t\t\t\t\t\t<img decoding=\"async\" src=\"https:\/\/clodtodo.fr\/wp-content\/plugins\/elementor\/assets\/images\/placeholder.png\" title=\"\" alt=\"\" loading=\"lazy\" \/>\t\t\t\t\t\t\t\t\t\t\t<figcaption class=\"widget-image-caption wp-caption-text\">????<\/figcaption>\n\t\t\t\t\t\t\t\t\t\t<\/figure>\n\t\t\t\t\t\t\t\t\t<\/div>\n\t\t\t\t<\/div>\n\t\t\t\t\t<\/div>\n\t\t<\/div>\n\t\t\t\t\t\t\t<\/div>\n\t\t<\/section>\n\t\t\t\t<section class=\"elementor-section elementor-top-section elementor-element elementor-element-03dff64 elementor-section-boxed elementor-section-height-default elementor-section-height-default\" data-id=\"03dff64\" data-element_type=\"section\">\n\t\t\t\t\t\t<div class=\"elementor-container elementor-column-gap-default\">\n\t\t\t\t\t<div class=\"elementor-column elementor-col-100 elementor-top-column elementor-element elementor-element-660b6f2\" data-id=\"660b6f2\" data-element_type=\"column\">\n\t\t\t<div class=\"elementor-widget-wrap elementor-element-populated\">\n\t\t\t\t\t\t\t\t<div class=\"elementor-element elementor-element-064a053 elementor-align-right elementor-widget elementor-widget-button\" data-id=\"064a053\" data-element_type=\"widget\" data-widget_type=\"button.default\">\n\t\t\t\t<div class=\"elementor-widget-container\">\n\t\t\t\t\t<div class=\"elementor-button-wrapper\">\n\t\t\t<a class=\"elementor-button elementor-button-link elementor-size-sm\" href=\"https:\/\/clodtodo.fr\">\n\t\t\t\t\t\t<span class=\"elementor-button-content-wrapper\">\n\t\t\t\t\t\t<span class=\"elementor-button-text\">retour \u00e0 l'accueil<\/span>\n\t\t<\/span>\n\t\t\t\t\t<\/a>\n\t\t<\/div>\n\t\t\t\t<\/div>\n\t\t\t\t<\/div>\n\t\t\t\t\t<\/div>\n\t\t<\/div>\n\t\t\t\t\t\t\t<\/div>\n\t\t<\/section>\n\t\t\t\t\t\t\t<\/div>\n\t\t","protected":false},"excerpt":{"rendered":"<p>AFRIQUE Afrique du Sud \u00c9gypte Maurice Zimbabw\u00e9 Maroc Tunisie S\u00e9n\u00e9gal ???? retour \u00e0 l&rsquo;accueil<\/p>\n","protected":false},"author":1,"featured_media":0,"parent":0,"menu_order":0,"comment_status":"closed","ping_status":"closed","template":"elementor_canvas","meta":{"footnotes":""},"_links":{"self":[{"href":"https:\/\/clodtodo.fr\/index.php?rest_route=\/wp\/v2\/pages\/741"}],"collection":[{"href":"https:\/\/clodtodo.fr\/index.php?rest_route=\/wp\/v2\/pages"}],"about":[{"href":"https:\/\/clodtodo.fr\/index.php?rest_route=\/wp\/v2\/types\/page"}],"author":[{"embeddable":true,"href":"https:\/\/clodtodo.fr\/index.php?rest_route=\/wp\/v2\/users\/1"}],"replies":[{"embeddable":true,"href":"https:\/\/clodtodo.fr\/index.php?rest_route=%2Fwp%2Fv2%2Fcomments&post=741"}],"version-history":[{"count":19,"href":"https:\/\/clodtodo.fr\/index.php?rest_route=\/wp\/v2\/pages\/741\/revisions"}],"predecessor-version":[{"id":1130,"href":"https:\/\/clodtodo.fr\/index.php?rest_route=\/wp\/v2\/pages\/741\/revisions\/1130"}],"wp:attachment":[{"href":"https:\/\/clodtodo.fr\/index.php?rest_route=%2Fwp%2Fv2%2Fmedia&parent=741"}],"curies":[{"name":"wp","href":"https:\/\/api.w.org\/{rel}","templated":true}]}}