{"id":776,"date":"2020-04-10T18:07:58","date_gmt":"2020-04-10T16:07:58","guid":{"rendered":"https:\/\/clodtodo.fr\/?page_id=776"},"modified":"2020-04-12T01:37:29","modified_gmt":"2020-04-11T23:37:29","slug":"sommaire-asie","status":"publish","type":"page","link":"https:\/\/clodtodo.fr\/?page_id=776","title":{"rendered":"sommaire asie"},"content":{"rendered":"\t\t<div data-elementor-type=\"wp-page\" data-elementor-id=\"776\" class=\"elementor elementor-776\">\n\t\t\t\t\t\t\t\t\t<section class=\"elementor-section elementor-top-section elementor-element elementor-element-b926f16 elementor-section-boxed elementor-section-height-default elementor-section-height-default\" data-id=\"b926f16\" data-element_type=\"section\">\n\t\t\t\t\t\t<div class=\"elementor-container elementor-column-gap-default\">\n\t\t\t\t\t<div class=\"elementor-column elementor-col-100 elementor-top-column elementor-element elementor-element-8c72a3a\" data-id=\"8c72a3a\" data-element_type=\"column\">\n\t\t\t<div class=\"elementor-widget-wrap elementor-element-populated\">\n\t\t\t\t\t\t\t\t<div class=\"elementor-element elementor-element-d980143 elementor-widget elementor-widget-heading\" data-id=\"d980143\" data-element_type=\"widget\" data-widget_type=\"heading.default\">\n\t\t\t\t<div class=\"elementor-widget-container\">\n\t\t\t<h2 class=\"elementor-heading-title elementor-size-default\">ASIE<\/h2>\t\t<\/div>\n\t\t\t\t<\/div>\n\t\t\t\t\t<\/div>\n\t\t<\/div>\n\t\t\t\t\t\t\t<\/div>\n\t\t<\/section>\n\t\t\t\t<section class=\"elementor-section elementor-top-section elementor-element elementor-element-75de2bd elementor-section-boxed elementor-section-height-default elementor-section-height-default\" data-id=\"75de2bd\" data-element_type=\"section\">\n\t\t\t\t\t\t<div class=\"elementor-container elementor-column-gap-default\">\n\t\t\t\t\t<div class=\"elementor-column elementor-col-20 elementor-top-column elementor-element elementor-element-7ea117e8\" data-id=\"7ea117e8\" data-element_type=\"column\">\n\t\t\t<div class=\"elementor-widget-wrap elementor-element-populated\">\n\t\t\t\t\t\t\t\t<div class=\"elementor-element elementor-element-2c3397fc elementor-widget elementor-widget-image\" data-id=\"2c3397fc\" data-element_type=\"widget\" data-widget_type=\"image.default\">\n\t\t\t\t<div class=\"elementor-widget-container\">\n\t\t\t\t\t\t\t\t\t\t\t\t<figure class=\"wp-caption\">\n\t\t\t\t\t\t\t\t\t\t\t<a href=\"https:\/\/clodtodo.fr\/?p=304\">\n\t\t\t\t\t\t\t<img decoding=\"async\" src=\"https:\/\/clodtodo.fr\/wp-content\/uploads\/elementor\/thumbs\/Bezaki-9-nt6i8082zrnvzhsvzanpf0y2knlspfq6czav4byrk2.jpg\" title=\"Bezaki (9)\" alt=\"Bezaki (9)\" loading=\"lazy\" \/>\t\t\t\t\t\t\t\t<\/a>\n\t\t\t\t\t\t\t\t\t\t\t<figcaption class=\"widget-image-caption wp-caption-text\">Bali <\/figcaption>\n\t\t\t\t\t\t\t\t\t\t<\/figure>\n\t\t\t\t\t\t\t\t\t<\/div>\n\t\t\t\t<\/div>\n\t\t\t\t\t<\/div>\n\t\t<\/div>\n\t\t\t\t<div class=\"elementor-column elementor-col-20 elementor-top-column elementor-element elementor-element-5b920d2a\" data-id=\"5b920d2a\" data-element_type=\"column\">\n\t\t\t<div class=\"elementor-widget-wrap elementor-element-populated\">\n\t\t\t\t\t\t\t\t<div class=\"elementor-element elementor-element-71d07228 elementor-widget elementor-widget-image\" data-id=\"71d07228\" data-element_type=\"widget\" data-widget_type=\"image.default\">\n\t\t\t\t<div class=\"elementor-widget-container\">\n\t\t\t\t\t\t\t\t\t\t\t\t<figure class=\"wp-caption\">\n\t\t\t\t\t\t\t\t\t\t\t<a href=\"https:\/\/clodtodo.fr\/?p=309\">\n\t\t\t\t\t\t\t<img decoding=\"async\" src=\"https:\/\/clodtodo.fr\/wp-content\/uploads\/elementor\/thumbs\/IMG_2292-nt6i8x4fmyww90lvxdy0wxupcg6fmjr80tuytda8k0.jpg\" title=\"IMG_2292\" alt=\"IMG_2292\" loading=\"lazy\" \/>\t\t\t\t\t\t\t\t<\/a>\n\t\t\t\t\t\t\t\t\t\t\t<figcaption class=\"widget-image-caption wp-caption-text\">Bali - Komodo -Java<\/figcaption>\n\t\t\t\t\t\t\t\t\t\t<\/figure>\n\t\t\t\t\t\t\t\t\t<\/div>\n\t\t\t\t<\/div>\n\t\t\t\t\t<\/div>\n\t\t<\/div>\n\t\t\t\t<div class=\"elementor-column elementor-col-20 elementor-top-column elementor-element elementor-element-34c4bd23\" data-id=\"34c4bd23\" data-element_type=\"column\">\n\t\t\t<div class=\"elementor-widget-wrap elementor-element-populated\">\n\t\t\t\t\t\t\t\t<div class=\"elementor-element elementor-element-3208821b elementor-widget elementor-widget-image\" data-id=\"3208821b\" data-element_type=\"widget\" data-widget_type=\"image.default\">\n\t\t\t\t<div class=\"elementor-widget-container\">\n\t\t\t\t\t\t\t\t\t\t\t\t<figure class=\"wp-caption\">\n\t\t\t\t\t\t\t\t\t\t\t<a href=\"https:\/\/clodtodo.fr\/?p=152\">\n\t\t\t\t\t\t\t<img fetchpriority=\"high\" decoding=\"async\" width=\"525\" height=\"350\" src=\"https:\/\/clodtodo.fr\/wp-content\/uploads\/2020\/04\/IMG_3964-1024x683.jpg\" class=\"attachment-large size-large wp-image-777\" alt=\"\" srcset=\"https:\/\/clodtodo.fr\/wp-content\/uploads\/2020\/04\/IMG_3964-1024x683.jpg 1024w, https:\/\/clodtodo.fr\/wp-content\/uploads\/2020\/04\/IMG_3964-300x200.jpg 300w, https:\/\/clodtodo.fr\/wp-content\/uploads\/2020\/04\/IMG_3964-768x512.jpg 768w\" sizes=\"100vw\" \/>\t\t\t\t\t\t\t\t<\/a>\n\t\t\t\t\t\t\t\t\t\t\t<figcaption class=\"widget-image-caption wp-caption-text\">Bangkok<\/figcaption>\n\t\t\t\t\t\t\t\t\t\t<\/figure>\n\t\t\t\t\t\t\t\t\t<\/div>\n\t\t\t\t<\/div>\n\t\t\t\t\t<\/div>\n\t\t<\/div>\n\t\t\t\t<div class=\"elementor-column elementor-col-20 elementor-top-column elementor-element elementor-element-62ce705e\" data-id=\"62ce705e\" data-element_type=\"column\">\n\t\t\t<div class=\"elementor-widget-wrap elementor-element-populated\">\n\t\t\t\t\t\t\t\t<div class=\"elementor-element elementor-element-4bb15b51 elementor-widget elementor-widget-image\" data-id=\"4bb15b51\" data-element_type=\"widget\" data-widget_type=\"image.default\">\n\t\t\t\t<div class=\"elementor-widget-container\">\n\t\t\t\t\t\t\t\t\t\t\t\t<figure class=\"wp-caption\">\n\t\t\t\t\t\t\t\t\t\t\t<a href=\"https:\/\/clodtodo.fr\/?p=94\">\n\t\t\t\t\t\t\t<img decoding=\"async\" width=\"525\" height=\"350\" src=\"https:\/\/clodtodo.fr\/wp-content\/uploads\/2018\/04\/41-lac-Inl\u00e9-12-1024x683.jpg\" class=\"attachment-large size-large wp-image-95\" alt=\"\" srcset=\"https:\/\/clodtodo.fr\/wp-content\/uploads\/2018\/04\/41-lac-Inl\u00e9-12-1024x683.jpg 1024w, https:\/\/clodtodo.fr\/wp-content\/uploads\/2018\/04\/41-lac-Inl\u00e9-12-300x200.jpg 300w, https:\/\/clodtodo.fr\/wp-content\/uploads\/2018\/04\/41-lac-Inl\u00e9-12-768x512.jpg 768w\" sizes=\"100vw\" \/>\t\t\t\t\t\t\t\t<\/a>\n\t\t\t\t\t\t\t\t\t\t\t<figcaption class=\"widget-image-caption wp-caption-text\">Birmanie<\/figcaption>\n\t\t\t\t\t\t\t\t\t\t<\/figure>\n\t\t\t\t\t\t\t\t\t<\/div>\n\t\t\t\t<\/div>\n\t\t\t\t\t<\/div>\n\t\t<\/div>\n\t\t\t\t<div class=\"elementor-column elementor-col-20 elementor-top-column elementor-element elementor-element-d9f3d52\" data-id=\"d9f3d52\" data-element_type=\"column\">\n\t\t\t<div class=\"elementor-widget-wrap elementor-element-populated\">\n\t\t\t\t\t\t\t\t<div class=\"elementor-element elementor-element-927de67 elementor-widget elementor-widget-image\" data-id=\"927de67\" data-element_type=\"widget\" data-widget_type=\"image.default\">\n\t\t\t\t<div class=\"elementor-widget-container\">\n\t\t\t\t\t\t\t\t\t\t\t\t<figure class=\"wp-caption\">\n\t\t\t\t\t\t\t\t\t\t\t<a href=\"https:\/\/clodtodo.fr\/?p=261\">\n\t\t\t\t\t\t\t<img decoding=\"async\" width=\"525\" height=\"350\" src=\"https:\/\/clodtodo.fr\/wp-content\/uploads\/2018\/06\/Danses-Cambodgiennes-3-1024x682.jpg\" class=\"attachment-large size-large wp-image-258\" alt=\"\" srcset=\"https:\/\/clodtodo.fr\/wp-content\/uploads\/2018\/06\/Danses-Cambodgiennes-3-1024x682.jpg 1024w, https:\/\/clodtodo.fr\/wp-content\/uploads\/2018\/06\/Danses-Cambodgiennes-3-300x200.jpg 300w, https:\/\/clodtodo.fr\/wp-content\/uploads\/2018\/06\/Danses-Cambodgiennes-3-768x512.jpg 768w, https:\/\/clodtodo.fr\/wp-content\/uploads\/2018\/06\/Danses-Cambodgiennes-3.jpg 1772w\" sizes=\"100vw\" \/>\t\t\t\t\t\t\t\t<\/a>\n\t\t\t\t\t\t\t\t\t\t\t<figcaption class=\"widget-image-caption wp-caption-text\">Cambodge<\/figcaption>\n\t\t\t\t\t\t\t\t\t\t<\/figure>\n\t\t\t\t\t\t\t\t\t<\/div>\n\t\t\t\t<\/div>\n\t\t\t\t\t<\/div>\n\t\t<\/div>\n\t\t\t\t\t\t\t<\/div>\n\t\t<\/section>\n\t\t\t\t<section class=\"elementor-section elementor-top-section elementor-element elementor-element-4fd9cb43 elementor-section-boxed elementor-section-height-default elementor-section-height-default\" data-id=\"4fd9cb43\" data-element_type=\"section\">\n\t\t\t\t\t\t<div class=\"elementor-container elementor-column-gap-default\">\n\t\t\t\t\t<div class=\"elementor-column elementor-col-20 elementor-top-column elementor-element elementor-element-37ab8ed9\" data-id=\"37ab8ed9\" data-element_type=\"column\">\n\t\t\t<div class=\"elementor-widget-wrap elementor-element-populated\">\n\t\t\t\t\t\t\t\t<div class=\"elementor-element elementor-element-318e0f20 elementor-widget elementor-widget-image\" data-id=\"318e0f20\" data-element_type=\"widget\" data-widget_type=\"image.default\">\n\t\t\t\t<div class=\"elementor-widget-container\">\n\t\t\t\t\t\t\t\t\t\t\t\t<figure class=\"wp-caption\">\n\t\t\t\t\t\t\t\t\t\t\t<a href=\"https:\/\/clodtodo.fr\/?p=632\">\n\t\t\t\t\t\t\t<img loading=\"lazy\" decoding=\"async\" width=\"525\" height=\"347\" src=\"https:\/\/clodtodo.fr\/wp-content\/uploads\/2020\/03\/P\u00e9kin-Bejing-8-1024x677.jpg\" class=\"attachment-large size-large wp-image-642\" alt=\"\" srcset=\"https:\/\/clodtodo.fr\/wp-content\/uploads\/2020\/03\/P\u00e9kin-Bejing-8-1024x677.jpg 1024w, https:\/\/clodtodo.fr\/wp-content\/uploads\/2020\/03\/P\u00e9kin-Bejing-8-300x198.jpg 300w, https:\/\/clodtodo.fr\/wp-content\/uploads\/2020\/03\/P\u00e9kin-Bejing-8-768x507.jpg 768w, https:\/\/clodtodo.fr\/wp-content\/uploads\/2020\/03\/P\u00e9kin-Bejing-8.jpg 1816w\" sizes=\"100vw\" \/>\t\t\t\t\t\t\t\t<\/a>\n\t\t\t\t\t\t\t\t\t\t\t<figcaption class=\"widget-image-caption wp-caption-text\">Chine<br>grandes capitales<\/figcaption>\n\t\t\t\t\t\t\t\t\t\t<\/figure>\n\t\t\t\t\t\t\t\t\t<\/div>\n\t\t\t\t<\/div>\n\t\t\t\t\t<\/div>\n\t\t<\/div>\n\t\t\t\t<div class=\"elementor-column elementor-col-20 elementor-top-column elementor-element elementor-element-4be043e6\" data-id=\"4be043e6\" data-element_type=\"column\">\n\t\t\t<div class=\"elementor-widget-wrap elementor-element-populated\">\n\t\t\t\t\t\t\t\t<div class=\"elementor-element elementor-element-1b05d295 elementor-widget elementor-widget-image\" data-id=\"1b05d295\" data-element_type=\"widget\" data-widget_type=\"image.default\">\n\t\t\t\t<div class=\"elementor-widget-container\">\n\t\t\t\t\t\t\t\t\t\t\t\t<figure class=\"wp-caption\">\n\t\t\t\t\t\t\t\t\t\t\t<a href=\"https:\/\/clodtodo.fr\/?page_id=837\">\n\t\t\t\t\t\t\t<img loading=\"lazy\" decoding=\"async\" width=\"525\" height=\"358\" src=\"https:\/\/clodtodo.fr\/wp-content\/uploads\/2020\/04\/CHI-PORtraits-0024-1024x698.jpg\" class=\"attachment-large size-large wp-image-824\" alt=\"\" srcset=\"https:\/\/clodtodo.fr\/wp-content\/uploads\/2020\/04\/CHI-PORtraits-0024-1024x698.jpg 1024w, https:\/\/clodtodo.fr\/wp-content\/uploads\/2020\/04\/CHI-PORtraits-0024-300x204.jpg 300w, https:\/\/clodtodo.fr\/wp-content\/uploads\/2020\/04\/CHI-PORtraits-0024-768x523.jpg 768w\" sizes=\"100vw\" \/>\t\t\t\t\t\t\t\t<\/a>\n\t\t\t\t\t\t\t\t\t\t\t<figcaption class=\"widget-image-caption wp-caption-text\">Chine - le Yunnan<\/figcaption>\n\t\t\t\t\t\t\t\t\t\t<\/figure>\n\t\t\t\t\t\t\t\t\t<\/div>\n\t\t\t\t<\/div>\n\t\t\t\t\t<\/div>\n\t\t<\/div>\n\t\t\t\t<div class=\"elementor-column elementor-col-20 elementor-top-column elementor-element elementor-element-db96791\" data-id=\"db96791\" data-element_type=\"column\">\n\t\t\t<div class=\"elementor-widget-wrap elementor-element-populated\">\n\t\t\t\t\t\t\t\t<div class=\"elementor-element elementor-element-118eb684 elementor-widget elementor-widget-image\" data-id=\"118eb684\" data-element_type=\"widget\" data-widget_type=\"image.default\">\n\t\t\t\t<div class=\"elementor-widget-container\">\n\t\t\t\t\t\t\t\t\t\t\t\t<figure class=\"wp-caption\">\n\t\t\t\t\t\t\t\t\t\t\t<a href=\"https:\/\/clodtodo.fr\/?p=346\">\n\t\t\t\t\t\t\t<img decoding=\"async\" src=\"https:\/\/clodtodo.fr\/wp-content\/uploads\/elementor\/thumbs\/Agra-Taj-mahal-001-8-nuy05wl0c7t11xgeozdtelbjc4j36t7a9adalcnl5c.jpg\" title=\"Agra -Taj mahal 001 (8)\" alt=\"Incontournable Taj-Mahal\" loading=\"lazy\" \/>\t\t\t\t\t\t\t\t<\/a>\n\t\t\t\t\t\t\t\t\t\t\t<figcaption class=\"widget-image-caption wp-caption-text\">Indes du nord<\/figcaption>\n\t\t\t\t\t\t\t\t\t\t<\/figure>\n\t\t\t\t\t\t\t\t\t<\/div>\n\t\t\t\t<\/div>\n\t\t\t\t\t<\/div>\n\t\t<\/div>\n\t\t\t\t<div class=\"elementor-column elementor-col-20 elementor-top-column elementor-element elementor-element-73901e9b\" data-id=\"73901e9b\" data-element_type=\"column\">\n\t\t\t<div class=\"elementor-widget-wrap elementor-element-populated\">\n\t\t\t\t\t\t\t\t<div class=\"elementor-element elementor-element-06c36c4 elementor-widget elementor-widget-image\" data-id=\"06c36c4\" data-element_type=\"widget\" data-widget_type=\"image.default\">\n\t\t\t\t<div class=\"elementor-widget-container\">\n\t\t\t\t\t\t\t\t\t\t\t\t<figure class=\"wp-caption\">\n\t\t\t\t\t\t\t\t\t\t\t<a href=\"https:\/\/clodtodo.fr\/?p=623\">\n\t\t\t\t\t\t\t<img loading=\"lazy\" decoding=\"async\" width=\"525\" height=\"372\" src=\"https:\/\/clodtodo.fr\/wp-content\/uploads\/2020\/03\/japon-6.jpg\" class=\"attachment-large size-large wp-image-625\" alt=\"\" srcset=\"https:\/\/clodtodo.fr\/wp-content\/uploads\/2020\/03\/japon-6.jpg 674w, https:\/\/clodtodo.fr\/wp-content\/uploads\/2020\/03\/japon-6-300x213.jpg 300w\" sizes=\"100vw\" \/>\t\t\t\t\t\t\t\t<\/a>\n\t\t\t\t\t\t\t\t\t\t\t<figcaption class=\"widget-image-caption wp-caption-text\">Japon<\/figcaption>\n\t\t\t\t\t\t\t\t\t\t<\/figure>\n\t\t\t\t\t\t\t\t\t<\/div>\n\t\t\t\t<\/div>\n\t\t\t\t\t<\/div>\n\t\t<\/div>\n\t\t\t\t<div class=\"elementor-column elementor-col-20 elementor-top-column elementor-element elementor-element-7cbcda4\" data-id=\"7cbcda4\" data-element_type=\"column\">\n\t\t\t<div class=\"elementor-widget-wrap elementor-element-populated\">\n\t\t\t\t\t\t\t\t<div class=\"elementor-element elementor-element-558888b elementor-widget elementor-widget-image\" data-id=\"558888b\" data-element_type=\"widget\" data-widget_type=\"image.default\">\n\t\t\t\t<div class=\"elementor-widget-container\">\n\t\t\t\t\t\t\t\t\t\t\t\t<figure class=\"wp-caption\">\n\t\t\t\t\t\t\t\t\t\t\t<a href=\"https:\/\/clodtodo.fr\/?p=181\">\n\t\t\t\t\t\t\t<img loading=\"lazy\" decoding=\"async\" width=\"525\" height=\"350\" src=\"https:\/\/clodtodo.fr\/wp-content\/uploads\/2020\/04\/IMG_2475-1024x683.jpg\" class=\"attachment-large size-large wp-image-778\" alt=\"\" srcset=\"https:\/\/clodtodo.fr\/wp-content\/uploads\/2020\/04\/IMG_2475-1024x683.jpg 1024w, https:\/\/clodtodo.fr\/wp-content\/uploads\/2020\/04\/IMG_2475-300x200.jpg 300w, https:\/\/clodtodo.fr\/wp-content\/uploads\/2020\/04\/IMG_2475-768x512.jpg 768w\" sizes=\"100vw\" \/>\t\t\t\t\t\t\t\t<\/a>\n\t\t\t\t\t\t\t\t\t\t\t<figcaption class=\"widget-image-caption wp-caption-text\">Laos<\/figcaption>\n\t\t\t\t\t\t\t\t\t\t<\/figure>\n\t\t\t\t\t\t\t\t\t<\/div>\n\t\t\t\t<\/div>\n\t\t\t\t\t<\/div>\n\t\t<\/div>\n\t\t\t\t\t\t\t<\/div>\n\t\t<\/section>\n\t\t\t\t<section class=\"elementor-section elementor-top-section elementor-element elementor-element-3ff75bf elementor-section-boxed elementor-section-height-default elementor-section-height-default\" data-id=\"3ff75bf\" data-element_type=\"section\">\n\t\t\t\t\t\t<div class=\"elementor-container elementor-column-gap-default\">\n\t\t\t\t\t<div class=\"elementor-column elementor-col-20 elementor-top-column elementor-element elementor-element-cb3b73d\" data-id=\"cb3b73d\" data-element_type=\"column\">\n\t\t\t<div class=\"elementor-widget-wrap elementor-element-populated\">\n\t\t\t\t\t\t\t\t<div class=\"elementor-element elementor-element-89669ba elementor-widget elementor-widget-image\" data-id=\"89669ba\" data-element_type=\"widget\" data-widget_type=\"image.default\">\n\t\t\t\t<div class=\"elementor-widget-container\">\n\t\t\t\t\t\t\t\t\t\t\t\t<figure class=\"wp-caption\">\n\t\t\t\t\t\t\t\t\t\t\t<a href=\"https:\/\/clodtodo.fr\/?p=368\">\n\t\t\t\t\t\t\t<img loading=\"lazy\" decoding=\"async\" width=\"525\" height=\"345\" src=\"https:\/\/clodtodo.fr\/wp-content\/uploads\/2020\/04\/katmandu.jpg\" class=\"attachment-large size-large wp-image-779\" alt=\"\" srcset=\"https:\/\/clodtodo.fr\/wp-content\/uploads\/2020\/04\/katmandu.jpg 979w, https:\/\/clodtodo.fr\/wp-content\/uploads\/2020\/04\/katmandu-300x197.jpg 300w, https:\/\/clodtodo.fr\/wp-content\/uploads\/2020\/04\/katmandu-768x504.jpg 768w\" sizes=\"100vw\" \/>\t\t\t\t\t\t\t\t<\/a>\n\t\t\t\t\t\t\t\t\t\t\t<figcaption class=\"widget-image-caption wp-caption-text\">N\u00e9pal<\/figcaption>\n\t\t\t\t\t\t\t\t\t\t<\/figure>\n\t\t\t\t\t\t\t\t\t<\/div>\n\t\t\t\t<\/div>\n\t\t\t\t\t<\/div>\n\t\t<\/div>\n\t\t\t\t<div class=\"elementor-column elementor-col-20 elementor-top-column elementor-element elementor-element-ad45ec1\" data-id=\"ad45ec1\" data-element_type=\"column\">\n\t\t\t<div class=\"elementor-widget-wrap elementor-element-populated\">\n\t\t\t\t\t\t\t\t<div class=\"elementor-element elementor-element-ac1e605 elementor-widget elementor-widget-image\" data-id=\"ac1e605\" data-element_type=\"widget\" data-widget_type=\"image.default\">\n\t\t\t\t<div class=\"elementor-widget-container\">\n\t\t\t\t\t\t\t\t\t\t\t\t<figure class=\"wp-caption\">\n\t\t\t\t\t\t\t\t\t\t\t<a href=\"https:\/\/clodtodo.fr\/?p=316\">\n\t\t\t\t\t\t\t<img decoding=\"async\" src=\"https:\/\/clodtodo.fr\/wp-content\/uploads\/elementor\/thumbs\/Le-jardin-des-orchid\u00e9es-1-nt6i8nq1qmk10wzjg9vr8083elgrhkpwnjc40lo6a8.jpg\" title=\"Le jardin des orchid\u00e9es (1)\" alt=\"Le jardin des orchid\u00e9es (1)\" loading=\"lazy\" \/>\t\t\t\t\t\t\t\t<\/a>\n\t\t\t\t\t\t\t\t\t\t\t<figcaption class=\"widget-image-caption wp-caption-text\">Singapour<\/figcaption>\n\t\t\t\t\t\t\t\t\t\t<\/figure>\n\t\t\t\t\t\t\t\t\t<\/div>\n\t\t\t\t<\/div>\n\t\t\t\t\t<\/div>\n\t\t<\/div>\n\t\t\t\t<div class=\"elementor-column elementor-col-20 elementor-top-column elementor-element elementor-element-f60d6cc\" data-id=\"f60d6cc\" data-element_type=\"column\">\n\t\t\t<div class=\"elementor-widget-wrap elementor-element-populated\">\n\t\t\t\t\t\t\t\t<div class=\"elementor-element elementor-element-2f584b7 elementor-widget elementor-widget-image\" data-id=\"2f584b7\" data-element_type=\"widget\" data-widget_type=\"image.default\">\n\t\t\t\t<div class=\"elementor-widget-container\">\n\t\t\t\t\t\t\t\t\t\t\t\t<figure class=\"wp-caption\">\n\t\t\t\t\t\t\t\t\t\t\t<a href=\"https:\/\/clodtodo.fr\/?p=177\">\n\t\t\t\t\t\t\t<img loading=\"lazy\" decoding=\"async\" width=\"525\" height=\"345\" src=\"https:\/\/clodtodo.fr\/wp-content\/uploads\/2020\/04\/Lassha-23-1024x672.jpg\" class=\"attachment-large size-large wp-image-780\" alt=\"\" srcset=\"https:\/\/clodtodo.fr\/wp-content\/uploads\/2020\/04\/Lassha-23-1024x672.jpg 1024w, https:\/\/clodtodo.fr\/wp-content\/uploads\/2020\/04\/Lassha-23-300x197.jpg 300w, https:\/\/clodtodo.fr\/wp-content\/uploads\/2020\/04\/Lassha-23-768x504.jpg 768w, https:\/\/clodtodo.fr\/wp-content\/uploads\/2020\/04\/Lassha-23.jpg 1676w\" sizes=\"100vw\" \/>\t\t\t\t\t\t\t\t<\/a>\n\t\t\t\t\t\t\t\t\t\t\t<figcaption class=\"widget-image-caption wp-caption-text\">Tibet<\/figcaption>\n\t\t\t\t\t\t\t\t\t\t<\/figure>\n\t\t\t\t\t\t\t\t\t<\/div>\n\t\t\t\t<\/div>\n\t\t\t\t\t<\/div>\n\t\t<\/div>\n\t\t\t\t<div class=\"elementor-column elementor-col-20 elementor-top-column elementor-element elementor-element-912caf2\" data-id=\"912caf2\" data-element_type=\"column\">\n\t\t\t<div class=\"elementor-widget-wrap elementor-element-populated\">\n\t\t\t\t\t\t\t\t<div class=\"elementor-element elementor-element-6ef8c47 elementor-widget elementor-widget-image\" data-id=\"6ef8c47\" data-element_type=\"widget\" data-widget_type=\"image.default\">\n\t\t\t\t<div class=\"elementor-widget-container\">\n\t\t\t\t\t\t\t\t\t\t\t\t<figure class=\"wp-caption\">\n\t\t\t\t\t\t\t\t\t\t\t<a href=\"https:\/\/clodtodo.fr\/?p=266\">\n\t\t\t\t\t\t\t<img loading=\"lazy\" decoding=\"async\" width=\"525\" height=\"350\" src=\"https:\/\/clodtodo.fr\/wp-content\/uploads\/2018\/06\/Halong-terrestre-9-1024x682.jpg\" class=\"attachment-large size-large wp-image-260\" alt=\"\" srcset=\"https:\/\/clodtodo.fr\/wp-content\/uploads\/2018\/06\/Halong-terrestre-9-1024x682.jpg 1024w, https:\/\/clodtodo.fr\/wp-content\/uploads\/2018\/06\/Halong-terrestre-9-300x200.jpg 300w, https:\/\/clodtodo.fr\/wp-content\/uploads\/2018\/06\/Halong-terrestre-9-768x512.jpg 768w, https:\/\/clodtodo.fr\/wp-content\/uploads\/2018\/06\/Halong-terrestre-9.jpg 1772w\" sizes=\"100vw\" \/>\t\t\t\t\t\t\t\t<\/a>\n\t\t\t\t\t\t\t\t\t\t\t<figcaption class=\"widget-image-caption wp-caption-text\">Vietnam<\/figcaption>\n\t\t\t\t\t\t\t\t\t\t<\/figure>\n\t\t\t\t\t\t\t\t\t<\/div>\n\t\t\t\t<\/div>\n\t\t\t\t\t<\/div>\n\t\t<\/div>\n\t\t\t\t<div class=\"elementor-column elementor-col-20 elementor-top-column elementor-element elementor-element-a2d7e14\" data-id=\"a2d7e14\" data-element_type=\"column\">\n\t\t\t<div class=\"elementor-widget-wrap elementor-element-populated\">\n\t\t\t\t\t\t\t\t<div class=\"elementor-element elementor-element-c3bc429 elementor-widget elementor-widget-image\" data-id=\"c3bc429\" data-element_type=\"widget\" data-widget_type=\"image.default\">\n\t\t\t\t<div class=\"elementor-widget-container\">\n\t\t\t\t\t\t\t\t\t\t\t\t<figure class=\"wp-caption\">\n\t\t\t\t\t\t\t\t\t\t\t<a href=\"https:\/\/clodtodo.fr\/?p=441\">\n\t\t\t\t\t\t\t<img loading=\"lazy\" decoding=\"async\" width=\"525\" height=\"350\" src=\"https:\/\/clodtodo.fr\/wp-content\/uploads\/2019\/06\/IMG_7551-1024x683.jpg\" class=\"attachment-large size-large wp-image-438\" alt=\"\" srcset=\"https:\/\/clodtodo.fr\/wp-content\/uploads\/2019\/06\/IMG_7551-1024x683.jpg 1024w, https:\/\/clodtodo.fr\/wp-content\/uploads\/2019\/06\/IMG_7551-300x200.jpg 300w, https:\/\/clodtodo.fr\/wp-content\/uploads\/2019\/06\/IMG_7551-768x512.jpg 768w\" sizes=\"100vw\" \/>\t\t\t\t\t\t\t\t<\/a>\n\t\t\t\t\t\t\t\t\t\t\t<figcaption class=\"widget-image-caption wp-caption-text\">Ouzb\u00e9kistan<\/figcaption>\n\t\t\t\t\t\t\t\t\t\t<\/figure>\n\t\t\t\t\t\t\t\t\t<\/div>\n\t\t\t\t<\/div>\n\t\t\t\t\t<\/div>\n\t\t<\/div>\n\t\t\t\t\t\t\t<\/div>\n\t\t<\/section>\n\t\t\t\t<section class=\"elementor-section elementor-top-section elementor-element elementor-element-acda6c1 elementor-section-boxed elementor-section-height-default elementor-section-height-default\" data-id=\"acda6c1\" data-element_type=\"section\">\n\t\t\t\t\t\t<div class=\"elementor-container elementor-column-gap-default\">\n\t\t\t\t\t<div class=\"elementor-column elementor-col-100 elementor-top-column elementor-element elementor-element-81f8dd0\" data-id=\"81f8dd0\" data-element_type=\"column\">\n\t\t\t<div class=\"elementor-widget-wrap elementor-element-populated\">\n\t\t\t\t\t\t\t\t<div class=\"elementor-element elementor-element-0473ea5 elementor-align-right elementor-widget elementor-widget-button\" data-id=\"0473ea5\" data-element_type=\"widget\" data-widget_type=\"button.default\">\n\t\t\t\t<div class=\"elementor-widget-container\">\n\t\t\t\t\t<div class=\"elementor-button-wrapper\">\n\t\t\t<a class=\"elementor-button elementor-button-link elementor-size-sm\" href=\"https:\/\/clodtodo.fr\">\n\t\t\t\t\t\t<span class=\"elementor-button-content-wrapper\">\n\t\t\t\t\t\t<span class=\"elementor-button-text\">retour \u00e0 l'accueil<\/span>\n\t\t<\/span>\n\t\t\t\t\t<\/a>\n\t\t<\/div>\n\t\t\t\t<\/div>\n\t\t\t\t<\/div>\n\t\t\t\t\t<\/div>\n\t\t<\/div>\n\t\t\t\t\t\t\t<\/div>\n\t\t<\/section>\n\t\t\t\t\t\t\t<\/div>\n\t\t","protected":false},"excerpt":{"rendered":"<p>ASIE Bali Bali &#8211; Komodo -Java Bangkok Birmanie Cambodge Chinegrandes capitales Chine &#8211; le Yunnan Indes du nord Japon Laos N\u00e9pal Singapour Tibet Vietnam Ouzb\u00e9kistan retour \u00e0 l&rsquo;accueil<\/p>\n","protected":false},"author":1,"featured_media":0,"parent":0,"menu_order":0,"comment_status":"closed","ping_status":"closed","template":"elementor_canvas","meta":{"footnotes":""},"_links":{"self":[{"href":"https:\/\/clodtodo.fr\/index.php?rest_route=\/wp\/v2\/pages\/776"}],"collection":[{"href":"https:\/\/clodtodo.fr\/index.php?rest_route=\/wp\/v2\/pages"}],"about":[{"href":"https:\/\/clodtodo.fr\/index.php?rest_route=\/wp\/v2\/types\/page"}],"author":[{"embeddable":true,"href":"https:\/\/clodtodo.fr\/index.php?rest_route=\/wp\/v2\/users\/1"}],"replies":[{"embeddable":true,"href":"https:\/\/clodtodo.fr\/index.php?rest_route=%2Fwp%2Fv2%2Fcomments&post=776"}],"version-history":[{"count":12,"href":"https:\/\/clodtodo.fr\/index.php?rest_route=\/wp\/v2\/pages\/776\/revisions"}],"predecessor-version":[{"id":842,"href":"https:\/\/clodtodo.fr\/index.php?rest_route=\/wp\/v2\/pages\/776\/revisions\/842"}],"wp:attachment":[{"href":"https:\/\/clodtodo.fr\/index.php?rest_route=%2Fwp%2Fv2%2Fmedia&parent=776"}],"curies":[{"name":"wp","href":"https:\/\/api.w.org\/{rel}","templated":true}]}}