{"id":806,"date":"2020-04-10T19:26:48","date_gmt":"2020-04-10T17:26:48","guid":{"rendered":"https:\/\/clodtodo.fr\/?page_id=806"},"modified":"2021-05-13T01:23:32","modified_gmt":"2021-05-12T23:23:32","slug":"sommaire-europe","status":"publish","type":"page","link":"https:\/\/clodtodo.fr\/?page_id=806","title":{"rendered":"Sommaire europe"},"content":{"rendered":"\t\t<div data-elementor-type=\"wp-page\" data-elementor-id=\"806\" class=\"elementor elementor-806\">\n\t\t\t\t\t\t\t\t\t<section class=\"elementor-section elementor-top-section elementor-element elementor-element-603193cd elementor-section-boxed elementor-section-height-default elementor-section-height-default\" data-id=\"603193cd\" data-element_type=\"section\">\n\t\t\t\t\t\t<div class=\"elementor-container elementor-column-gap-default\">\n\t\t\t\t\t<div class=\"elementor-column elementor-col-100 elementor-top-column elementor-element elementor-element-2ff01abf\" data-id=\"2ff01abf\" data-element_type=\"column\">\n\t\t\t<div class=\"elementor-widget-wrap elementor-element-populated\">\n\t\t\t\t\t\t\t\t<div class=\"elementor-element elementor-element-64b795d7 elementor-widget elementor-widget-heading\" data-id=\"64b795d7\" data-element_type=\"widget\" data-widget_type=\"heading.default\">\n\t\t\t\t<div class=\"elementor-widget-container\">\n\t\t\t<h2 class=\"elementor-heading-title elementor-size-default\">* * * * *   EUROPE    * * * * *    <\/h2>\t\t<\/div>\n\t\t\t\t<\/div>\n\t\t\t\t\t<\/div>\n\t\t<\/div>\n\t\t\t\t\t\t\t<\/div>\n\t\t<\/section>\n\t\t\t\t<section class=\"elementor-section elementor-top-section elementor-element elementor-element-3da8c8b6 elementor-section-boxed elementor-section-height-default elementor-section-height-default\" data-id=\"3da8c8b6\" data-element_type=\"section\">\n\t\t\t\t\t\t<div class=\"elementor-container elementor-column-gap-default\">\n\t\t\t\t\t<div class=\"elementor-column elementor-col-25 elementor-top-column elementor-element elementor-element-2e4262b3\" data-id=\"2e4262b3\" data-element_type=\"column\">\n\t\t\t<div class=\"elementor-widget-wrap elementor-element-populated\">\n\t\t\t\t\t\t\t\t<div class=\"elementor-element elementor-element-313ee0e5 elementor-widget elementor-widget-image\" data-id=\"313ee0e5\" data-element_type=\"widget\" data-widget_type=\"image.default\">\n\t\t\t\t<div class=\"elementor-widget-container\">\n\t\t\t\t\t\t\t\t\t\t\t\t<figure class=\"wp-caption\">\n\t\t\t\t\t\t\t\t\t\t\t<a href=\"https:\/\/clodtodo.fr\/?p=370\">\n\t\t\t\t\t\t\t<img decoding=\"async\" src=\"https:\/\/clodtodo.fr\/wp-content\/uploads\/elementor\/thumbs\/palma-003-nuy0hv33ac6crc32v5gy4konell746ockh5oe2x9zk.jpg\" title=\"palma-003\" alt=\"Pagodes sur une plage \u00e0 Palma de Majorque\" loading=\"lazy\" \/>\t\t\t\t\t\t\t\t<\/a>\n\t\t\t\t\t\t\t\t\t\t\t<figcaption class=\"widget-image-caption wp-caption-text\">Bal\u00e9ares<\/figcaption>\n\t\t\t\t\t\t\t\t\t\t<\/figure>\n\t\t\t\t\t\t\t\t\t<\/div>\n\t\t\t\t<\/div>\n\t\t\t\t\t<\/div>\n\t\t<\/div>\n\t\t\t\t<div class=\"elementor-column elementor-col-25 elementor-top-column elementor-element elementor-element-63f428c4\" data-id=\"63f428c4\" data-element_type=\"column\">\n\t\t\t<div class=\"elementor-widget-wrap elementor-element-populated\">\n\t\t\t\t\t\t\t\t<div class=\"elementor-element elementor-element-a912afc elementor-widget elementor-widget-image\" data-id=\"a912afc\" data-element_type=\"widget\" data-widget_type=\"image.default\">\n\t\t\t\t<div class=\"elementor-widget-container\">\n\t\t\t\t\t\t\t\t\t\t\t\t<figure class=\"wp-caption\">\n\t\t\t\t\t\t\t\t\t\t\t<a href=\"https:\/\/clodtodo.fr\/?p=734\">\n\t\t\t\t\t\t\t<img decoding=\"async\" src=\"https:\/\/clodtodo.fr\/wp-content\/uploads\/elementor\/thumbs\/Amsterdam-018-ont37i16xh22xdz0iwpecqxg1ad4t1mq9qokwhy11s.jpg\" title=\"PAYS-BAS\" alt=\"PAYS-BAS\" loading=\"lazy\" \/>\t\t\t\t\t\t\t\t<\/a>\n\t\t\t\t\t\t\t\t\t\t\t<figcaption class=\"widget-image-caption wp-caption-text\">Bruxelles-Hollande-Londres<\/figcaption>\n\t\t\t\t\t\t\t\t\t\t<\/figure>\n\t\t\t\t\t\t\t\t\t<\/div>\n\t\t\t\t<\/div>\n\t\t\t\t\t<\/div>\n\t\t<\/div>\n\t\t\t\t<div class=\"elementor-column elementor-col-25 elementor-top-column elementor-element elementor-element-2e82cc39\" data-id=\"2e82cc39\" data-element_type=\"column\">\n\t\t\t<div class=\"elementor-widget-wrap elementor-element-populated\">\n\t\t\t\t\t\t\t\t<div class=\"elementor-element elementor-element-234baa97 elementor-widget elementor-widget-image\" data-id=\"234baa97\" data-element_type=\"widget\" data-widget_type=\"image.default\">\n\t\t\t\t<div class=\"elementor-widget-container\">\n\t\t\t\t\t\t\t\t\t\t\t\t<figure class=\"wp-caption\">\n\t\t\t\t\t\t\t\t\t\t\t<a href=\"https:\/\/clodtodo.fr\/?p=611\">\n\t\t\t\t\t\t\t<img fetchpriority=\"high\" decoding=\"async\" width=\"525\" height=\"350\" src=\"https:\/\/clodtodo.fr\/wp-content\/uploads\/2019\/12\/Prague-503-1024x683.jpg\" class=\"attachment-large size-large wp-image-610\" alt=\"\" srcset=\"https:\/\/clodtodo.fr\/wp-content\/uploads\/2019\/12\/Prague-503-1024x683.jpg 1024w, https:\/\/clodtodo.fr\/wp-content\/uploads\/2019\/12\/Prague-503-300x200.jpg 300w, https:\/\/clodtodo.fr\/wp-content\/uploads\/2019\/12\/Prague-503-768x512.jpg 768w\" sizes=\"100vw\" \/>\t\t\t\t\t\t\t\t<\/a>\n\t\t\t\t\t\t\t\t\t\t\t<figcaption class=\"widget-image-caption wp-caption-text\">Prague<\/figcaption>\n\t\t\t\t\t\t\t\t\t\t<\/figure>\n\t\t\t\t\t\t\t\t\t<\/div>\n\t\t\t\t<\/div>\n\t\t\t\t\t<\/div>\n\t\t<\/div>\n\t\t\t\t<div class=\"elementor-column elementor-col-25 elementor-top-column elementor-element elementor-element-1665d467\" data-id=\"1665d467\" data-element_type=\"column\">\n\t\t\t<div class=\"elementor-widget-wrap elementor-element-populated\">\n\t\t\t\t\t\t\t\t<div class=\"elementor-element elementor-element-7c9e76bc elementor-widget elementor-widget-image\" data-id=\"7c9e76bc\" data-element_type=\"widget\" data-widget_type=\"image.default\">\n\t\t\t\t<div class=\"elementor-widget-container\">\n\t\t\t\t\t\t\t\t\t\t\t\t<figure class=\"wp-caption\">\n\t\t\t\t\t\t\t\t\t\t\t<a href=\"https:\/\/clodtodo.fr\/?p=874\">\n\t\t\t\t\t\t\t<img decoding=\"async\" width=\"525\" height=\"350\" src=\"https:\/\/clodtodo.fr\/wp-content\/uploads\/2019\/06\/Sicile-61-100-1024x683.jpg\" class=\"attachment-large size-large wp-image-461\" alt=\"\" srcset=\"https:\/\/clodtodo.fr\/wp-content\/uploads\/2019\/06\/Sicile-61-100-1024x683.jpg 1024w, https:\/\/clodtodo.fr\/wp-content\/uploads\/2019\/06\/Sicile-61-100-300x200.jpg 300w, https:\/\/clodtodo.fr\/wp-content\/uploads\/2019\/06\/Sicile-61-100-768x512.jpg 768w, https:\/\/clodtodo.fr\/wp-content\/uploads\/2019\/06\/Sicile-61-100.jpg 1731w\" sizes=\"100vw\" \/>\t\t\t\t\t\t\t\t<\/a>\n\t\t\t\t\t\t\t\t\t\t\t<figcaption class=\"widget-image-caption wp-caption-text\">Sicile<\/figcaption>\n\t\t\t\t\t\t\t\t\t\t<\/figure>\n\t\t\t\t\t\t\t\t\t<\/div>\n\t\t\t\t<\/div>\n\t\t\t\t\t<\/div>\n\t\t<\/div>\n\t\t\t\t\t\t\t<\/div>\n\t\t<\/section>\n\t\t\t\t<section class=\"elementor-section elementor-top-section elementor-element elementor-element-466f58e2 elementor-section-boxed elementor-section-height-default elementor-section-height-default\" data-id=\"466f58e2\" data-element_type=\"section\">\n\t\t\t\t\t\t<div class=\"elementor-container elementor-column-gap-default\">\n\t\t\t\t\t<div class=\"elementor-column elementor-col-25 elementor-top-column elementor-element elementor-element-21cb030\" data-id=\"21cb030\" data-element_type=\"column\">\n\t\t\t<div class=\"elementor-widget-wrap elementor-element-populated\">\n\t\t\t\t\t\t\t\t<div class=\"elementor-element elementor-element-5c6a0e93 elementor-widget elementor-widget-image\" data-id=\"5c6a0e93\" data-element_type=\"widget\" data-widget_type=\"image.default\">\n\t\t\t\t<div class=\"elementor-widget-container\">\n\t\t\t\t\t\t\t\t\t\t\t\t<figure class=\"wp-caption\">\n\t\t\t\t\t\t\t\t\t\t\t<a href=\"https:\/\/clodtodo.fr\/?p=395\">\n\t\t\t\t\t\t\t<img decoding=\"async\" width=\"525\" height=\"350\" src=\"https:\/\/clodtodo.fr\/wp-content\/uploads\/2019\/06\/IMG_3313-1024x683.jpg\" class=\"attachment-large size-large wp-image-397\" alt=\"\" srcset=\"https:\/\/clodtodo.fr\/wp-content\/uploads\/2019\/06\/IMG_3313-1024x683.jpg 1024w, https:\/\/clodtodo.fr\/wp-content\/uploads\/2019\/06\/IMG_3313-300x200.jpg 300w, https:\/\/clodtodo.fr\/wp-content\/uploads\/2019\/06\/IMG_3313-768x512.jpg 768w\" sizes=\"100vw\" \/>\t\t\t\t\t\t\t\t<\/a>\n\t\t\t\t\t\t\t\t\t\t\t<figcaption class=\"widget-image-caption wp-caption-text\">Istanbul<\/figcaption>\n\t\t\t\t\t\t\t\t\t\t<\/figure>\n\t\t\t\t\t\t\t\t\t<\/div>\n\t\t\t\t<\/div>\n\t\t\t\t\t<\/div>\n\t\t<\/div>\n\t\t\t\t<div class=\"elementor-column elementor-col-25 elementor-top-column elementor-element elementor-element-2f434393\" data-id=\"2f434393\" data-element_type=\"column\">\n\t\t\t<div class=\"elementor-widget-wrap elementor-element-populated\">\n\t\t\t\t\t\t\t\t<div class=\"elementor-element elementor-element-7b433c7d elementor-widget elementor-widget-image\" data-id=\"7b433c7d\" data-element_type=\"widget\" data-widget_type=\"image.default\">\n\t\t\t\t<div class=\"elementor-widget-container\">\n\t\t\t\t\t\t\t\t\t\t\t\t<figure class=\"wp-caption\">\n\t\t\t\t\t\t\t\t\t\t\t<a href=\"https:\/\/clodtodo.fr\/?page_id=1062\">\n\t\t\t\t\t\t\t<img decoding=\"async\" src=\"https:\/\/clodtodo.fr\/wp-content\/uploads\/elementor\/thumbs\/florence-033-p72foe3wx52vhswilpoe7zze9f8shxlnsezghl15g0.jpg\" title=\"FLORENCE\" alt=\"Pont sur l'Arno.\" loading=\"lazy\" \/>\t\t\t\t\t\t\t\t<\/a>\n\t\t\t\t\t\t\t\t\t\t\t<figcaption class=\"widget-image-caption wp-caption-text\">Italie<\/figcaption>\n\t\t\t\t\t\t\t\t\t\t<\/figure>\n\t\t\t\t\t\t\t\t\t<\/div>\n\t\t\t\t<\/div>\n\t\t\t\t\t<\/div>\n\t\t<\/div>\n\t\t\t\t<div class=\"elementor-column elementor-col-25 elementor-top-column elementor-element elementor-element-648fed7\" data-id=\"648fed7\" data-element_type=\"column\">\n\t\t\t<div class=\"elementor-widget-wrap elementor-element-populated\">\n\t\t\t\t\t\t\t\t<div class=\"elementor-element elementor-element-373492e6 elementor-widget elementor-widget-image\" data-id=\"373492e6\" data-element_type=\"widget\" data-widget_type=\"image.default\">\n\t\t\t\t<div class=\"elementor-widget-container\">\n\t\t\t\t\t\t\t\t\t\t\t\t<figure class=\"wp-caption\">\n\t\t\t\t\t\t\t\t\t\t\t<a href=\"https:\/\/clodtodo.fr\/?p=1079\">\n\t\t\t\t\t\t\t<img loading=\"lazy\" decoding=\"async\" width=\"525\" height=\"350\" src=\"https:\/\/clodtodo.fr\/wp-content\/uploads\/2021\/05\/Canaries-67-0004-1024x682.jpg\" class=\"attachment-large size-large wp-image-1082\" alt=\"\" srcset=\"https:\/\/clodtodo.fr\/wp-content\/uploads\/2021\/05\/Canaries-67-0004-1024x682.jpg 1024w, https:\/\/clodtodo.fr\/wp-content\/uploads\/2021\/05\/Canaries-67-0004-300x200.jpg 300w, https:\/\/clodtodo.fr\/wp-content\/uploads\/2021\/05\/Canaries-67-0004-768x512.jpg 768w, https:\/\/clodtodo.fr\/wp-content\/uploads\/2021\/05\/Canaries-67-0004.jpg 1772w\" sizes=\"100vw\" \/>\t\t\t\t\t\t\t\t<\/a>\n\t\t\t\t\t\t\t\t\t\t\t<figcaption class=\"widget-image-caption wp-caption-text\">\u00celes Canaries<\/figcaption>\n\t\t\t\t\t\t\t\t\t\t<\/figure>\n\t\t\t\t\t\t\t\t\t<\/div>\n\t\t\t\t<\/div>\n\t\t\t\t\t<\/div>\n\t\t<\/div>\n\t\t\t\t<div class=\"elementor-column elementor-col-25 elementor-top-column elementor-element elementor-element-16edc9a5\" data-id=\"16edc9a5\" data-element_type=\"column\">\n\t\t\t<div class=\"elementor-widget-wrap elementor-element-populated\">\n\t\t\t\t\t\t\t\t<div class=\"elementor-element elementor-element-b8f1ebd elementor-widget elementor-widget-image\" data-id=\"b8f1ebd\" data-element_type=\"widget\" data-widget_type=\"image.default\">\n\t\t\t\t<div class=\"elementor-widget-container\">\n\t\t\t\t\t\t\t\t\t\t\t\t<figure class=\"wp-caption\">\n\t\t\t\t\t\t\t\t\t\t\t<a href=\"https:\/\/clodtodo.fr\/?p=902\">\n\t\t\t\t\t\t\t<img decoding=\"async\" src=\"https:\/\/clodtodo.fr\/wp-content\/uploads\/elementor\/thumbs\/Mostar-014-e1619540825275-p6calc9tn0p7y2553ejo8u3l1wady6h5y6dgls7tvk.jpg\" title=\"MOSTAR\" alt=\"Le pont de Mostar (l'original).\" loading=\"lazy\" \/>\t\t\t\t\t\t\t\t<\/a>\n\t\t\t\t\t\t\t\t\t\t\t<figcaption class=\"widget-image-caption wp-caption-text\">Yougoslavie<\/figcaption>\n\t\t\t\t\t\t\t\t\t\t<\/figure>\n\t\t\t\t\t\t\t\t\t<\/div>\n\t\t\t\t<\/div>\n\t\t\t\t\t<\/div>\n\t\t<\/div>\n\t\t\t\t\t\t\t<\/div>\n\t\t<\/section>\n\t\t\t\t<section class=\"elementor-section elementor-top-section elementor-element elementor-element-068e65e elementor-section-boxed elementor-section-height-default elementor-section-height-default\" data-id=\"068e65e\" data-element_type=\"section\">\n\t\t\t\t\t\t<div class=\"elementor-container elementor-column-gap-default\">\n\t\t\t\t\t<div class=\"elementor-column elementor-col-25 elementor-top-column elementor-element elementor-element-079161d\" data-id=\"079161d\" data-element_type=\"column\">\n\t\t\t<div class=\"elementor-widget-wrap elementor-element-populated\">\n\t\t\t\t\t\t\t\t<div class=\"elementor-element elementor-element-fe84a72 elementor-widget elementor-widget-image\" data-id=\"fe84a72\" data-element_type=\"widget\" data-widget_type=\"image.default\">\n\t\t\t\t<div class=\"elementor-widget-container\">\n\t\t\t\t\t\t\t\t\t\t\t\t<figure class=\"wp-caption\">\n\t\t\t\t\t\t\t\t\t\t\t<a href=\"https:\/\/clodtodo.fr\/?p=1084\">\n\t\t\t\t\t\t\t<img decoding=\"async\" src=\"https:\/\/clodtodo.fr\/wp-content\/uploads\/elementor\/thumbs\/Grenade-007-p72fvxr9s9eqp3xxjh3kqlflxs1vagk35ris6judhs.jpg\" title=\"GRENADE\" alt=\"Les jardins de l'alambra.\" loading=\"lazy\" \/>\t\t\t\t\t\t\t\t<\/a>\n\t\t\t\t\t\t\t\t\t\t\t<figcaption class=\"widget-image-caption wp-caption-text\">Espagne<\/figcaption>\n\t\t\t\t\t\t\t\t\t\t<\/figure>\n\t\t\t\t\t\t\t\t\t<\/div>\n\t\t\t\t<\/div>\n\t\t\t\t\t<\/div>\n\t\t<\/div>\n\t\t\t\t<div class=\"elementor-column elementor-col-25 elementor-top-column elementor-element elementor-element-03d8f95\" data-id=\"03d8f95\" data-element_type=\"column\">\n\t\t\t<div class=\"elementor-widget-wrap elementor-element-populated\">\n\t\t\t\t\t\t\t\t<div class=\"elementor-element elementor-element-6dbb3c3 elementor-widget elementor-widget-image\" data-id=\"6dbb3c3\" data-element_type=\"widget\" data-widget_type=\"image.default\">\n\t\t\t\t<div class=\"elementor-widget-container\">\n\t\t\t\t\t\t\t\t\t\t\t\t<figure class=\"wp-caption\">\n\t\t\t\t\t\t\t\t\t\t\t<a href=\"https:\/\/clodtodo.fr\/?p=908\">\n\t\t\t\t\t\t\t<img decoding=\"async\" src=\"https:\/\/clodtodo.fr\/wp-content\/uploads\/elementor\/thumbs\/Mikonos-023-p6cpmbbogfrjrybjk5945qwemudto1qu894t1nqc40.jpg\" title=\"MYCONOS\" alt=\"Les moulins.\" loading=\"lazy\" \/>\t\t\t\t\t\t\t\t<\/a>\n\t\t\t\t\t\t\t\t\t\t\t<figcaption class=\"widget-image-caption wp-caption-text\">Gr\u00e8ce et les \u00eeles<\/figcaption>\n\t\t\t\t\t\t\t\t\t\t<\/figure>\n\t\t\t\t\t\t\t\t\t<\/div>\n\t\t\t\t<\/div>\n\t\t\t\t\t<\/div>\n\t\t<\/div>\n\t\t\t\t<div class=\"elementor-column elementor-col-25 elementor-top-column elementor-element elementor-element-dd049a2\" data-id=\"dd049a2\" data-element_type=\"column\">\n\t\t\t<div class=\"elementor-widget-wrap elementor-element-populated\">\n\t\t\t\t\t\t\t\t<div class=\"elementor-element elementor-element-93fc59e elementor-widget elementor-widget-image\" data-id=\"93fc59e\" data-element_type=\"widget\" data-widget_type=\"image.default\">\n\t\t\t\t<div class=\"elementor-widget-container\">\n\t\t\t\t\t\t\t\t\t\t\t\t<figure class=\"wp-caption\">\n\t\t\t\t\t\t\t\t\t\t\t<a href=\"https:\/\/clodtodo.fr\/?p=1076\">\n\t\t\t\t\t\t\t<img loading=\"lazy\" decoding=\"async\" width=\"525\" height=\"350\" src=\"https:\/\/clodtodo.fr\/wp-content\/uploads\/2021\/05\/Bul60-086-1024x683.jpg\" class=\"attachment-large size-large wp-image-1045\" alt=\"\" srcset=\"https:\/\/clodtodo.fr\/wp-content\/uploads\/2021\/05\/Bul60-086-1024x683.jpg 1024w, https:\/\/clodtodo.fr\/wp-content\/uploads\/2021\/05\/Bul60-086-300x200.jpg 300w, https:\/\/clodtodo.fr\/wp-content\/uploads\/2021\/05\/Bul60-086-768x512.jpg 768w, https:\/\/clodtodo.fr\/wp-content\/uploads\/2021\/05\/Bul60-086.jpg 1662w\" sizes=\"100vw\" \/>\t\t\t\t\t\t\t\t<\/a>\n\t\t\t\t\t\t\t\t\t\t\t<figcaption class=\"widget-image-caption wp-caption-text\">Bulgarie<\/figcaption>\n\t\t\t\t\t\t\t\t\t\t<\/figure>\n\t\t\t\t\t\t\t\t\t<\/div>\n\t\t\t\t<\/div>\n\t\t\t\t\t<\/div>\n\t\t<\/div>\n\t\t\t\t<div class=\"elementor-column elementor-col-25 elementor-top-column elementor-element elementor-element-863a3a0\" data-id=\"863a3a0\" data-element_type=\"column\">\n\t\t\t<div class=\"elementor-widget-wrap elementor-element-populated\">\n\t\t\t\t\t\t\t\t<div class=\"elementor-element elementor-element-02828d0 elementor-widget elementor-widget-image\" data-id=\"02828d0\" data-element_type=\"widget\" data-widget_type=\"image.default\">\n\t\t\t\t<div class=\"elementor-widget-container\">\n\t\t\t\t\t\t\t\t\t\t\t\t<figure class=\"wp-caption\">\n\t\t\t\t\t\t\t\t\t\t<img decoding=\"async\" src=\"https:\/\/clodtodo.fr\/wp-content\/plugins\/elementor\/assets\/images\/placeholder.png\" title=\"\" alt=\"\" loading=\"lazy\" \/>\t\t\t\t\t\t\t\t\t\t\t<figcaption class=\"widget-image-caption wp-caption-text\">France<\/figcaption>\n\t\t\t\t\t\t\t\t\t\t<\/figure>\n\t\t\t\t\t\t\t\t\t<\/div>\n\t\t\t\t<\/div>\n\t\t\t\t\t<\/div>\n\t\t<\/div>\n\t\t\t\t\t\t\t<\/div>\n\t\t<\/section>\n\t\t\t\t<section class=\"elementor-section elementor-top-section elementor-element elementor-element-aae59aa elementor-section-boxed elementor-section-height-default elementor-section-height-default\" data-id=\"aae59aa\" data-element_type=\"section\">\n\t\t\t\t\t\t<div class=\"elementor-container elementor-column-gap-default\">\n\t\t\t\t\t<div class=\"elementor-column elementor-col-100 elementor-top-column elementor-element elementor-element-4138767\" data-id=\"4138767\" data-element_type=\"column\">\n\t\t\t<div class=\"elementor-widget-wrap elementor-element-populated\">\n\t\t\t\t\t\t\t\t<div class=\"elementor-element elementor-element-2659e8f elementor-align-right elementor-widget elementor-widget-button\" data-id=\"2659e8f\" data-element_type=\"widget\" data-widget_type=\"button.default\">\n\t\t\t\t<div class=\"elementor-widget-container\">\n\t\t\t\t\t<div class=\"elementor-button-wrapper\">\n\t\t\t<a class=\"elementor-button elementor-button-link elementor-size-sm\" href=\"https:\/\/clodtodo.fr\">\n\t\t\t\t\t\t<span class=\"elementor-button-content-wrapper\">\n\t\t\t\t\t\t<span class=\"elementor-button-text\">retour \u00e0 l'accueil<\/span>\n\t\t<\/span>\n\t\t\t\t\t<\/a>\n\t\t<\/div>\n\t\t\t\t<\/div>\n\t\t\t\t<\/div>\n\t\t\t\t\t<\/div>\n\t\t<\/div>\n\t\t\t\t\t\t\t<\/div>\n\t\t<\/section>\n\t\t\t\t\t\t\t<\/div>\n\t\t","protected":false},"excerpt":{"rendered":"<p>* * * * * EUROPE * * * * * Bal\u00e9ares Bruxelles-Hollande-Londres Prague Sicile Istanbul Italie \u00celes Canaries Yougoslavie Espagne Gr\u00e8ce et les \u00eeles Bulgarie France retour \u00e0 l&rsquo;accueil<\/p>\n","protected":false},"author":1,"featured_media":0,"parent":0,"menu_order":0,"comment_status":"closed","ping_status":"closed","template":"elementor_canvas","meta":{"footnotes":""},"_links":{"self":[{"href":"https:\/\/clodtodo.fr\/index.php?rest_route=\/wp\/v2\/pages\/806"}],"collection":[{"href":"https:\/\/clodtodo.fr\/index.php?rest_route=\/wp\/v2\/pages"}],"about":[{"href":"https:\/\/clodtodo.fr\/index.php?rest_route=\/wp\/v2\/types\/page"}],"author":[{"embeddable":true,"href":"https:\/\/clodtodo.fr\/index.php?rest_route=\/wp\/v2\/users\/1"}],"replies":[{"embeddable":true,"href":"https:\/\/clodtodo.fr\/index.php?rest_route=%2Fwp%2Fv2%2Fcomments&post=806"}],"version-history":[{"count":15,"href":"https:\/\/clodtodo.fr\/index.php?rest_route=\/wp\/v2\/pages\/806\/revisions"}],"predecessor-version":[{"id":1086,"href":"https:\/\/clodtodo.fr\/index.php?rest_route=\/wp\/v2\/pages\/806\/revisions\/1086"}],"wp:attachment":[{"href":"https:\/\/clodtodo.fr\/index.php?rest_route=%2Fwp%2Fv2%2Fmedia&parent=806"}],"curies":[{"name":"wp","href":"https:\/\/api.w.org\/{rel}","templated":true}]}}