{"id":837,"date":"2020-04-12T01:09:55","date_gmt":"2020-04-11T23:09:55","guid":{"rendered":"https:\/\/clodtodo.fr\/?page_id=837"},"modified":"2020-04-12T01:35:19","modified_gmt":"2020-04-11T23:35:19","slug":"ma-page-yunnan","status":"publish","type":"page","link":"https:\/\/clodtodo.fr\/?page_id=837","title":{"rendered":"ma page yunnan"},"content":{"rendered":"\t\t<div data-elementor-type=\"wp-page\" data-elementor-id=\"837\" class=\"elementor elementor-837\">\n\t\t\t\t\t\t\t\t\t<section class=\"elementor-section elementor-top-section elementor-element elementor-element-aac291c elementor-section-boxed elementor-section-height-default elementor-section-height-default\" data-id=\"aac291c\" data-element_type=\"section\">\n\t\t\t\t\t\t<div class=\"elementor-container elementor-column-gap-default\">\n\t\t\t\t\t<div class=\"elementor-column elementor-col-100 elementor-top-column elementor-element elementor-element-f667596\" data-id=\"f667596\" data-element_type=\"column\">\n\t\t\t<div class=\"elementor-widget-wrap elementor-element-populated\">\n\t\t\t\t\t\t\t\t<div class=\"elementor-element elementor-element-7cf452b elementor-widget elementor-widget-heading\" data-id=\"7cf452b\" data-element_type=\"widget\" data-widget_type=\"heading.default\">\n\t\t\t\t<div class=\"elementor-widget-container\">\n\t\t\t<h2 class=\"elementor-heading-title elementor-size-default\">Chine province du Yunnan - Les minorit\u00e9s ethniques<\/h2>\t\t<\/div>\n\t\t\t\t<\/div>\n\t\t\t\t\t<\/div>\n\t\t<\/div>\n\t\t\t\t\t\t\t<\/div>\n\t\t<\/section>\n\t\t\t\t<section class=\"elementor-section elementor-top-section elementor-element elementor-element-b5916b6 elementor-section-boxed elementor-section-height-default elementor-section-height-default\" data-id=\"b5916b6\" data-element_type=\"section\">\n\t\t\t\t\t\t<div class=\"elementor-container elementor-column-gap-default\">\n\t\t\t\t\t<div class=\"elementor-column elementor-col-25 elementor-top-column elementor-element elementor-element-ffb553c\" data-id=\"ffb553c\" data-element_type=\"column\">\n\t\t\t<div class=\"elementor-widget-wrap elementor-element-populated\">\n\t\t\t\t\t\t\t\t<div class=\"elementor-element elementor-element-793a224 elementor-widget elementor-widget-image\" data-id=\"793a224\" data-element_type=\"widget\" data-widget_type=\"image.default\">\n\t\t\t\t<div class=\"elementor-widget-container\">\n\t\t\t\t\t\t\t\t\t\t\t\t\t\t\t<img fetchpriority=\"high\" decoding=\"async\" width=\"525\" height=\"345\" src=\"https:\/\/clodtodo.fr\/wp-content\/uploads\/2020\/04\/CHI-LIJiang-0044-1024x672.jpg\" class=\"attachment-large size-large wp-image-826\" alt=\"\" srcset=\"https:\/\/clodtodo.fr\/wp-content\/uploads\/2020\/04\/CHI-LIJiang-0044-1024x672.jpg 1024w, https:\/\/clodtodo.fr\/wp-content\/uploads\/2020\/04\/CHI-LIJiang-0044-300x197.jpg 300w, https:\/\/clodtodo.fr\/wp-content\/uploads\/2020\/04\/CHI-LIJiang-0044-768x504.jpg 768w, https:\/\/clodtodo.fr\/wp-content\/uploads\/2020\/04\/CHI-LIJiang-0044.jpg 1804w\" sizes=\"100vw\" \/>\t\t\t\t\t\t\t\t\t\t\t\t\t\t\t<\/div>\n\t\t\t\t<\/div>\n\t\t\t\t<div class=\"elementor-element elementor-element-f59f418 elementor-widget elementor-widget-image\" data-id=\"f59f418\" data-element_type=\"widget\" data-widget_type=\"image.default\">\n\t\t\t\t<div class=\"elementor-widget-container\">\n\t\t\t\t\t\t\t\t\t\t\t\t\t\t\t<img decoding=\"async\" width=\"525\" height=\"358\" src=\"https:\/\/clodtodo.fr\/wp-content\/uploads\/2020\/04\/CHI-PORtraits-0024-1024x698.jpg\" class=\"attachment-large size-large wp-image-824\" alt=\"\" srcset=\"https:\/\/clodtodo.fr\/wp-content\/uploads\/2020\/04\/CHI-PORtraits-0024-1024x698.jpg 1024w, https:\/\/clodtodo.fr\/wp-content\/uploads\/2020\/04\/CHI-PORtraits-0024-300x204.jpg 300w, https:\/\/clodtodo.fr\/wp-content\/uploads\/2020\/04\/CHI-PORtraits-0024-768x523.jpg 768w\" sizes=\"100vw\" \/>\t\t\t\t\t\t\t\t\t\t\t\t\t\t\t<\/div>\n\t\t\t\t<\/div>\n\t\t\t\t\t<\/div>\n\t\t<\/div>\n\t\t\t\t<div class=\"elementor-column elementor-col-25 elementor-top-column elementor-element elementor-element-c2793db\" data-id=\"c2793db\" data-element_type=\"column\">\n\t\t\t<div class=\"elementor-widget-wrap elementor-element-populated\">\n\t\t\t\t\t\t\t\t<div class=\"elementor-element elementor-element-2b0143f elementor-widget elementor-widget-text-editor\" data-id=\"2b0143f\" data-element_type=\"widget\" data-widget_type=\"text-editor.default\">\n\t\t\t\t<div class=\"elementor-widget-container\">\n\t\t\t\t\t\t\t<p>Vous pouvez voir sur la carte ci dessous que cette r\u00e9gion du Yunnan jouxte le Vietnam du nord, la Birmanie, le Laos, le N\u00e9pal, le Boutan, le Ladak et le Tibet.<\/p><p>Par del\u00e0 les fronti\u00e8res il y a plus de 100 etnies diff\u00e9rentes. La Chine en a recens\u00e9 et reconnue 52, mais il y en a beaucoup plus.<\/p><p>Je ferais prochainement des galeries de photos, mais pour l&rsquo;heure je vous propose cette vid\u00e9o de 71 minutes, cliquez sur la couverture.<\/p>\t\t\t\t\t\t<\/div>\n\t\t\t\t<\/div>\n\t\t\t\t\t<\/div>\n\t\t<\/div>\n\t\t\t\t<div class=\"elementor-column elementor-col-25 elementor-top-column elementor-element elementor-element-d88c28a\" data-id=\"d88c28a\" data-element_type=\"column\">\n\t\t\t<div class=\"elementor-widget-wrap elementor-element-populated\">\n\t\t\t\t\t\t\t\t<div class=\"elementor-element elementor-element-0914c84 elementor-widget elementor-widget-image\" data-id=\"0914c84\" data-element_type=\"widget\" data-widget_type=\"image.default\">\n\t\t\t\t<div class=\"elementor-widget-container\">\n\t\t\t\t\t\t\t\t\t\t\t\t<figure class=\"wp-caption\">\n\t\t\t\t\t\t\t\t\t\t\t<a href=\"https:\/\/clodtodo.fr\/Chine-yunnan-video\/Yunnan.mp4\">\n\t\t\t\t\t\t\t<img decoding=\"async\" width=\"525\" height=\"726\" src=\"https:\/\/clodtodo.fr\/wp-content\/uploads\/2020\/04\/yunan001-740x1024.jpg\" class=\"attachment-large size-large wp-image-827\" alt=\"\" srcset=\"https:\/\/clodtodo.fr\/wp-content\/uploads\/2020\/04\/yunan001-740x1024.jpg 740w, https:\/\/clodtodo.fr\/wp-content\/uploads\/2020\/04\/yunan001-217x300.jpg 217w, https:\/\/clodtodo.fr\/wp-content\/uploads\/2020\/04\/yunan001-768x1062.jpg 768w, https:\/\/clodtodo.fr\/wp-content\/uploads\/2020\/04\/yunan001.jpg 799w\" sizes=\"100vw\" \/>\t\t\t\t\t\t\t\t<\/a>\n\t\t\t\t\t\t\t\t\t\t\t<figcaption class=\"widget-image-caption wp-caption-text\">Couverture du DVD<\/figcaption>\n\t\t\t\t\t\t\t\t\t\t<\/figure>\n\t\t\t\t\t\t\t\t\t<\/div>\n\t\t\t\t<\/div>\n\t\t\t\t\t<\/div>\n\t\t<\/div>\n\t\t\t\t<div class=\"elementor-column elementor-col-25 elementor-top-column elementor-element elementor-element-fa3a2b8\" data-id=\"fa3a2b8\" data-element_type=\"column\">\n\t\t\t<div class=\"elementor-widget-wrap elementor-element-populated\">\n\t\t\t\t\t\t\t\t<div class=\"elementor-element elementor-element-35940b8 elementor-widget elementor-widget-image\" data-id=\"35940b8\" data-element_type=\"widget\" data-widget_type=\"image.default\">\n\t\t\t\t<div class=\"elementor-widget-container\">\n\t\t\t\t\t\t\t\t\t\t\t\t<figure class=\"wp-caption\">\n\t\t\t\t\t\t\t\t\t\t<img loading=\"lazy\" decoding=\"async\" width=\"525\" height=\"726\" src=\"https:\/\/clodtodo.fr\/wp-content\/uploads\/2020\/04\/yunan002-740x1024.jpg\" class=\"attachment-large size-large wp-image-828\" alt=\"\" srcset=\"https:\/\/clodtodo.fr\/wp-content\/uploads\/2020\/04\/yunan002-740x1024.jpg 740w, https:\/\/clodtodo.fr\/wp-content\/uploads\/2020\/04\/yunan002-217x300.jpg 217w, https:\/\/clodtodo.fr\/wp-content\/uploads\/2020\/04\/yunan002-768x1063.jpg 768w, https:\/\/clodtodo.fr\/wp-content\/uploads\/2020\/04\/yunan002.jpg 807w\" sizes=\"100vw\" \/>\t\t\t\t\t\t\t\t\t\t\t<figcaption class=\"widget-image-caption wp-caption-text\">Sommaire du DVD<\/figcaption>\n\t\t\t\t\t\t\t\t\t\t<\/figure>\n\t\t\t\t\t\t\t\t\t<\/div>\n\t\t\t\t<\/div>\n\t\t\t\t\t<\/div>\n\t\t<\/div>\n\t\t\t\t\t\t\t<\/div>\n\t\t<\/section>\n\t\t\t\t<section class=\"elementor-section elementor-top-section elementor-element elementor-element-a55476c elementor-section-boxed elementor-section-height-default elementor-section-height-default\" data-id=\"a55476c\" data-element_type=\"section\">\n\t\t\t\t\t\t<div class=\"elementor-container elementor-column-gap-default\">\n\t\t\t\t\t<div class=\"elementor-column elementor-col-50 elementor-top-column elementor-element elementor-element-2600174\" data-id=\"2600174\" data-element_type=\"column\">\n\t\t\t<div class=\"elementor-widget-wrap elementor-element-populated\">\n\t\t\t\t\t\t\t\t<div class=\"elementor-element elementor-element-b75610e elementor-widget elementor-widget-image\" data-id=\"b75610e\" data-element_type=\"widget\" data-widget_type=\"image.default\">\n\t\t\t\t<div class=\"elementor-widget-container\">\n\t\t\t\t\t\t\t\t\t\t\t\t\t\t\t<img loading=\"lazy\" decoding=\"async\" width=\"525\" height=\"350\" src=\"https:\/\/clodtodo.fr\/wp-content\/uploads\/2020\/04\/carte-pour-yunnan-1024x683.jpg\" class=\"attachment-large size-large wp-image-838\" alt=\"\" srcset=\"https:\/\/clodtodo.fr\/wp-content\/uploads\/2020\/04\/carte-pour-yunnan-1024x683.jpg 1024w, https:\/\/clodtodo.fr\/wp-content\/uploads\/2020\/04\/carte-pour-yunnan-300x200.jpg 300w, https:\/\/clodtodo.fr\/wp-content\/uploads\/2020\/04\/carte-pour-yunnan-768x512.jpg 768w, https:\/\/clodtodo.fr\/wp-content\/uploads\/2020\/04\/carte-pour-yunnan.jpg 1251w\" sizes=\"100vw\" \/>\t\t\t\t\t\t\t\t\t\t\t\t\t\t\t<\/div>\n\t\t\t\t<\/div>\n\t\t\t\t\t<\/div>\n\t\t<\/div>\n\t\t\t\t<div class=\"elementor-column elementor-col-50 elementor-top-column elementor-element elementor-element-2df8ad7\" data-id=\"2df8ad7\" data-element_type=\"column\">\n\t\t\t<div class=\"elementor-widget-wrap elementor-element-populated\">\n\t\t\t\t\t\t\t\t<div class=\"elementor-element elementor-element-1a3e895 elementor-widget elementor-widget-text-editor\" data-id=\"1a3e895\" data-element_type=\"widget\" data-widget_type=\"text-editor.default\">\n\t\t\t\t<div class=\"elementor-widget-container\">\n\t\t\t\t\t\t\t<p>En bleu, le circuit que nous avions fait en 2004, que vous pouvez regarder.<\/p><p>En rouge, le circuit de 2006.<\/p><p>Vous pouvez aussi regarder le Tibet, que nous avions visit\u00e9 juste avant.<\/p>\t\t\t\t\t\t<\/div>\n\t\t\t\t<\/div>\n\t\t\t\t\t<\/div>\n\t\t<\/div>\n\t\t\t\t\t\t\t<\/div>\n\t\t<\/section>\n\t\t\t\t\t\t\t<\/div>\n\t\t","protected":false},"excerpt":{"rendered":"<p>Chine province du Yunnan &#8211; Les minorit\u00e9s ethniques Vous pouvez voir sur la carte ci dessous que cette r\u00e9gion du Yunnan jouxte le Vietnam du nord, la Birmanie, le Laos, le N\u00e9pal, le Boutan, le Ladak et le Tibet. Par del\u00e0 les fronti\u00e8res il y a plus de 100 etnies diff\u00e9rentes. La Chine en a &hellip; <\/p>\n<p class=\"link-more\"><a href=\"https:\/\/clodtodo.fr\/?page_id=837\" class=\"more-link\">Continuer la lecture<span class=\"screen-reader-text\"> de &laquo;&nbsp;ma page yunnan&nbsp;&raquo;<\/span><\/a><\/p>\n","protected":false},"author":1,"featured_media":0,"parent":0,"menu_order":0,"comment_status":"closed","ping_status":"closed","template":"elementor_canvas","meta":{"footnotes":""},"_links":{"self":[{"href":"https:\/\/clodtodo.fr\/index.php?rest_route=\/wp\/v2\/pages\/837"}],"collection":[{"href":"https:\/\/clodtodo.fr\/index.php?rest_route=\/wp\/v2\/pages"}],"about":[{"href":"https:\/\/clodtodo.fr\/index.php?rest_route=\/wp\/v2\/types\/page"}],"author":[{"embeddable":true,"href":"https:\/\/clodtodo.fr\/index.php?rest_route=\/wp\/v2\/users\/1"}],"replies":[{"embeddable":true,"href":"https:\/\/clodtodo.fr\/index.php?rest_route=%2Fwp%2Fv2%2Fcomments&post=837"}],"version-history":[{"count":3,"href":"https:\/\/clodtodo.fr\/index.php?rest_route=\/wp\/v2\/pages\/837\/revisions"}],"predecessor-version":[{"id":841,"href":"https:\/\/clodtodo.fr\/index.php?rest_route=\/wp\/v2\/pages\/837\/revisions\/841"}],"wp:attachment":[{"href":"https:\/\/clodtodo.fr\/index.php?rest_route=%2Fwp%2Fv2%2Fmedia&parent=837"}],"curies":[{"name":"wp","href":"https:\/\/api.w.org\/{rel}","templated":true}]}}